{"id":1620,"date":"2026-01-26T22:37:57","date_gmt":"2026-01-26T22:37:57","guid":{"rendered":"https:\/\/cambridgesol.edu.ec\/producto\/b1-mock\/"},"modified":"2026-01-29T21:48:24","modified_gmt":"2026-01-29T21:48:24","slug":"b1-mock","status":"publish","type":"product","link":"https:\/\/cambridgesol.edu.ec\/es\/producto\/b1-mock\/","title":{"rendered":"B1 MOCK"},"content":{"rendered":"<div class=\"product-description\">\n<p>El Mock Test B1 \u2013 Nivel Intermedio reproduce las condiciones del examen oficial, evaluando tus habilidades de lectura, escritura, comprensi\u00f3n auditiva y expresi\u00f3n oral. Ideal para prepararte con confianza antes de presentar la certificaci\u00f3n oficial.<\/p>\n<hr\/>\n<h3>\u00bfQu\u00e9 incluye este servicio?<\/h3>\n<ul>\n<li>Acompa\u00f1amiento y asesor\u00eda especializada<\/li>\n<li>Informaci\u00f3n clara sobre requisitos y tiempos<\/li>\n<li>Soporte durante todo el proceso<\/li>\n<\/ul>\n<h3>Ideal para:<\/h3>\n<ul>\n<li>Estudiantes y profesionales<\/li>\n<li>Procesos acad\u00e9micos, laborales o migratorios<\/li>\n<li>Certificaci\u00f3n internacional de idioma<\/li>\n<\/ul>\n<\/div>","protected":false},"excerpt":{"rendered":"<p>Practica tu ingl\u00e9s intermedio y simula tu examen real.<\/p>","protected":false},"featured_media":1647,"comment_status":"open","ping_status":"closed","template":"","meta":[],"product_brand":[],"product_cat":[170],"product_tag":[55,85,124,118,122,125,126],"class_list":{"0":"post-1620","1":"product","2":"type-product","3":"status-publish","4":"has-post-thumbnail","6":"product_cat-simuladores-de-examenes-internacionales-2","7":"product_tag-b1","8":"product_tag-examen-de-ingles","9":"product_tag-ingles-intermedio","10":"product_tag-mock-test","11":"product_tag-preparacion-cambridge","12":"product_tag-simulacion-de-examen","13":"product_tag-test-de-practica","15":"first","16":"instock","17":"purchasable","18":"product-type-simple"},"yoast_head":"<!-- This site is optimized with the Yoast SEO plugin v27.3 - https:\/\/yoast.com\/product\/yoast-seo-wordpress\/ -->\n<title>B1 MOCK - Cambridge<\/title>\n<meta name=\"robots\" content=\"index, follow, max-snippet:-1, max-image-preview:large, max-video-preview:-1\" \/>\n<link rel=\"canonical\" href=\"https:\/\/cambridgesol.edu.ec\/es\/producto\/b1-mock\/\" \/>\n<meta property=\"og:locale\" content=\"es_MX\" \/>\n<meta property=\"og:type\" content=\"article\" \/>\n<meta property=\"og:title\" content=\"B1 MOCK - Cambridge\" \/>\n<meta property=\"og:description\" content=\"Practica tu ingl\u00e9s intermedio y simula tu examen real.\" \/>\n<meta property=\"og:url\" content=\"https:\/\/cambridgesol.edu.ec\/es\/producto\/b1-mock\/\" \/>\n<meta property=\"og:site_name\" content=\"Cambridge\" \/>\n<meta property=\"article:publisher\" content=\"https:\/\/www.facebook.com\/cambridgecuador\" \/>\n<meta property=\"article:modified_time\" content=\"2026-01-29T21:48:24+00:00\" \/>\n<meta property=\"og:image\" content=\"https:\/\/cambridgesol.edu.ec\/wp-content\/uploads\/2026\/01\/happy-european-student-guy-standing-with-workbooks-2026-01-08-23-05-42-utc-scaled.jpg\" \/>\n\t<meta property=\"og:image:width\" content=\"2560\" \/>\n\t<meta property=\"og:image:height\" content=\"1707\" \/>\n\t<meta property=\"og:image:type\" content=\"image\/jpeg\" \/>\n<meta name=\"twitter:card\" content=\"summary_large_image\" \/>\n<meta name=\"twitter:label1\" content=\"Tiempo de lectura\" \/>\n\t<meta name=\"twitter:data1\" content=\"1 minuto\" \/>\n<script type=\"application\/ld+json\" class=\"yoast-schema-graph\">{\"@context\":\"https:\\\/\\\/schema.org\",\"@graph\":[{\"@type\":\"WebPage\",\"@id\":\"https:\\\/\\\/cambridgesol.edu.ec\\\/producto\\\/b1-mock\\\/\",\"url\":\"https:\\\/\\\/cambridgesol.edu.ec\\\/producto\\\/b1-mock\\\/\",\"name\":\"B1 MOCK - Cambridge\",\"isPartOf\":{\"@id\":\"https:\\\/\\\/cambridgesol.edu.ec\\\/#website\"},\"primaryImageOfPage\":{\"@id\":\"https:\\\/\\\/cambridgesol.edu.ec\\\/producto\\\/b1-mock\\\/#primaryimage\"},\"image\":{\"@id\":\"https:\\\/\\\/cambridgesol.edu.ec\\\/producto\\\/b1-mock\\\/#primaryimage\"},\"thumbnailUrl\":\"https:\\\/\\\/cambridgesol.edu.ec\\\/wp-content\\\/uploads\\\/2026\\\/01\\\/happy-european-student-guy-standing-with-workbooks-2026-01-08-23-05-42-utc-scaled.jpg\",\"datePublished\":\"2026-01-26T22:37:57+00:00\",\"dateModified\":\"2026-01-29T21:48:24+00:00\",\"breadcrumb\":{\"@id\":\"https:\\\/\\\/cambridgesol.edu.ec\\\/producto\\\/b1-mock\\\/#breadcrumb\"},\"inLanguage\":\"es\",\"potentialAction\":[{\"@type\":\"ReadAction\",\"target\":[\"https:\\\/\\\/cambridgesol.edu.ec\\\/producto\\\/b1-mock\\\/\"]}]},{\"@type\":\"ImageObject\",\"inLanguage\":\"es\",\"@id\":\"https:\\\/\\\/cambridgesol.edu.ec\\\/producto\\\/b1-mock\\\/#primaryimage\",\"url\":\"https:\\\/\\\/cambridgesol.edu.ec\\\/wp-content\\\/uploads\\\/2026\\\/01\\\/happy-european-student-guy-standing-with-workbooks-2026-01-08-23-05-42-utc-scaled.jpg\",\"contentUrl\":\"https:\\\/\\\/cambridgesol.edu.ec\\\/wp-content\\\/uploads\\\/2026\\\/01\\\/happy-european-student-guy-standing-with-workbooks-2026-01-08-23-05-42-utc-scaled.jpg\",\"width\":2560,\"height\":1707},{\"@type\":\"BreadcrumbList\",\"@id\":\"https:\\\/\\\/cambridgesol.edu.ec\\\/producto\\\/b1-mock\\\/#breadcrumb\",\"itemListElement\":[{\"@type\":\"ListItem\",\"position\":1,\"name\":\"Home\",\"item\":\"https:\\\/\\\/cambridgesol.edu.ec\\\/\"},{\"@type\":\"ListItem\",\"position\":2,\"name\":\"Tienda\",\"item\":\"https:\\\/\\\/cambridgesol.edu.ec\\\/tienda\\\/\"},{\"@type\":\"ListItem\",\"position\":3,\"name\":\"B1 MOCK\"}]},{\"@type\":\"WebSite\",\"@id\":\"https:\\\/\\\/cambridgesol.edu.ec\\\/#website\",\"url\":\"https:\\\/\\\/cambridgesol.edu.ec\\\/\",\"name\":\"Cambridge\",\"description\":\"\",\"publisher\":{\"@id\":\"https:\\\/\\\/cambridgesol.edu.ec\\\/#organization\"},\"potentialAction\":[{\"@type\":\"SearchAction\",\"target\":{\"@type\":\"EntryPoint\",\"urlTemplate\":\"https:\\\/\\\/cambridgesol.edu.ec\\\/?s={search_term_string}\"},\"query-input\":{\"@type\":\"PropertyValueSpecification\",\"valueRequired\":true,\"valueName\":\"search_term_string\"}}],\"inLanguage\":\"es\"},{\"@type\":\"Organization\",\"@id\":\"https:\\\/\\\/cambridgesol.edu.ec\\\/#organization\",\"name\":\"Cambridge\",\"url\":\"https:\\\/\\\/cambridgesol.edu.ec\\\/\",\"logo\":{\"@type\":\"ImageObject\",\"inLanguage\":\"es\",\"@id\":\"https:\\\/\\\/cambridgesol.edu.ec\\\/#\\\/schema\\\/logo\\\/image\\\/\",\"url\":\"https:\\\/\\\/cambridgesol.edu.ec\\\/wp-content\\\/uploads\\\/2025\\\/04\\\/cropped-iso-cambridge.png\",\"contentUrl\":\"https:\\\/\\\/cambridgesol.edu.ec\\\/wp-content\\\/uploads\\\/2025\\\/04\\\/cropped-iso-cambridge.png\",\"width\":512,\"height\":512,\"caption\":\"Cambridge\"},\"image\":{\"@id\":\"https:\\\/\\\/cambridgesol.edu.ec\\\/#\\\/schema\\\/logo\\\/image\\\/\"},\"sameAs\":[\"https:\\\/\\\/www.facebook.com\\\/cambridgecuador\",\"https:\\\/\\\/www.instagram.com\\\/cambridgecuador\\\/\",\"https:\\\/\\\/www.youtube.com\\\/channel\\\/UCZLnzBGOSxtSK7ZPksEcrqQ\\\/featured?view_as=public\",\"https:\\\/\\\/www.tiktok.com\\\/@cambridgecuador\"]}]}<\/script>\n<!-- \/ Yoast SEO plugin. -->","yoast_head_json":{"title":"B1 MOCK - Cambridge","robots":{"index":"index","follow":"follow","max-snippet":"max-snippet:-1","max-image-preview":"max-image-preview:large","max-video-preview":"max-video-preview:-1"},"canonical":"https:\/\/cambridgesol.edu.ec\/es\/producto\/b1-mock\/","og_locale":"es_MX","og_type":"article","og_title":"B1 MOCK - Cambridge","og_description":"Practica tu ingl\u00e9s intermedio y simula tu examen real.","og_url":"https:\/\/cambridgesol.edu.ec\/es\/producto\/b1-mock\/","og_site_name":"Cambridge","article_publisher":"https:\/\/www.facebook.com\/cambridgecuador","article_modified_time":"2026-01-29T21:48:24+00:00","og_image":[{"width":2560,"height":1707,"url":"https:\/\/cambridgesol.edu.ec\/wp-content\/uploads\/2026\/01\/happy-european-student-guy-standing-with-workbooks-2026-01-08-23-05-42-utc-scaled.jpg","type":"image\/jpeg"}],"twitter_card":"summary_large_image","twitter_misc":{"Tiempo de lectura":"1 minuto"},"schema":{"@context":"https:\/\/schema.org","@graph":[{"@type":"WebPage","@id":"https:\/\/cambridgesol.edu.ec\/producto\/b1-mock\/","url":"https:\/\/cambridgesol.edu.ec\/producto\/b1-mock\/","name":"B1 MOCK - Cambridge","isPartOf":{"@id":"https:\/\/cambridgesol.edu.ec\/#website"},"primaryImageOfPage":{"@id":"https:\/\/cambridgesol.edu.ec\/producto\/b1-mock\/#primaryimage"},"image":{"@id":"https:\/\/cambridgesol.edu.ec\/producto\/b1-mock\/#primaryimage"},"thumbnailUrl":"https:\/\/cambridgesol.edu.ec\/wp-content\/uploads\/2026\/01\/happy-european-student-guy-standing-with-workbooks-2026-01-08-23-05-42-utc-scaled.jpg","datePublished":"2026-01-26T22:37:57+00:00","dateModified":"2026-01-29T21:48:24+00:00","breadcrumb":{"@id":"https:\/\/cambridgesol.edu.ec\/producto\/b1-mock\/#breadcrumb"},"inLanguage":"es","potentialAction":[{"@type":"ReadAction","target":["https:\/\/cambridgesol.edu.ec\/producto\/b1-mock\/"]}]},{"@type":"ImageObject","inLanguage":"es","@id":"https:\/\/cambridgesol.edu.ec\/producto\/b1-mock\/#primaryimage","url":"https:\/\/cambridgesol.edu.ec\/wp-content\/uploads\/2026\/01\/happy-european-student-guy-standing-with-workbooks-2026-01-08-23-05-42-utc-scaled.jpg","contentUrl":"https:\/\/cambridgesol.edu.ec\/wp-content\/uploads\/2026\/01\/happy-european-student-guy-standing-with-workbooks-2026-01-08-23-05-42-utc-scaled.jpg","width":2560,"height":1707},{"@type":"BreadcrumbList","@id":"https:\/\/cambridgesol.edu.ec\/producto\/b1-mock\/#breadcrumb","itemListElement":[{"@type":"ListItem","position":1,"name":"Home","item":"https:\/\/cambridgesol.edu.ec\/"},{"@type":"ListItem","position":2,"name":"Tienda","item":"https:\/\/cambridgesol.edu.ec\/tienda\/"},{"@type":"ListItem","position":3,"name":"B1 MOCK"}]},{"@type":"WebSite","@id":"https:\/\/cambridgesol.edu.ec\/#website","url":"https:\/\/cambridgesol.edu.ec\/","name":"Cambridge","description":"","publisher":{"@id":"https:\/\/cambridgesol.edu.ec\/#organization"},"potentialAction":[{"@type":"SearchAction","target":{"@type":"EntryPoint","urlTemplate":"https:\/\/cambridgesol.edu.ec\/?s={search_term_string}"},"query-input":{"@type":"PropertyValueSpecification","valueRequired":true,"valueName":"search_term_string"}}],"inLanguage":"es"},{"@type":"Organization","@id":"https:\/\/cambridgesol.edu.ec\/#organization","name":"Cambridge","url":"https:\/\/cambridgesol.edu.ec\/","logo":{"@type":"ImageObject","inLanguage":"es","@id":"https:\/\/cambridgesol.edu.ec\/#\/schema\/logo\/image\/","url":"https:\/\/cambridgesol.edu.ec\/wp-content\/uploads\/2025\/04\/cropped-iso-cambridge.png","contentUrl":"https:\/\/cambridgesol.edu.ec\/wp-content\/uploads\/2025\/04\/cropped-iso-cambridge.png","width":512,"height":512,"caption":"Cambridge"},"image":{"@id":"https:\/\/cambridgesol.edu.ec\/#\/schema\/logo\/image\/"},"sameAs":["https:\/\/www.facebook.com\/cambridgecuador","https:\/\/www.instagram.com\/cambridgecuador\/","https:\/\/www.youtube.com\/channel\/UCZLnzBGOSxtSK7ZPksEcrqQ\/featured?view_as=public","https:\/\/www.tiktok.com\/@cambridgecuador"]}]}},"_links":{"self":[{"href":"https:\/\/cambridgesol.edu.ec\/es\/wp-json\/wp\/v2\/product\/1620","targetHints":{"allow":["GET"]}}],"collection":[{"href":"https:\/\/cambridgesol.edu.ec\/es\/wp-json\/wp\/v2\/product"}],"about":[{"href":"https:\/\/cambridgesol.edu.ec\/es\/wp-json\/wp\/v2\/types\/product"}],"replies":[{"embeddable":true,"href":"https:\/\/cambridgesol.edu.ec\/es\/wp-json\/wp\/v2\/comments?post=1620"}],"wp:featuredmedia":[{"embeddable":true,"href":"https:\/\/cambridgesol.edu.ec\/es\/wp-json\/wp\/v2\/media\/1647"}],"wp:attachment":[{"href":"https:\/\/cambridgesol.edu.ec\/es\/wp-json\/wp\/v2\/media?parent=1620"}],"wp:term":[{"taxonomy":"product_brand","embeddable":true,"href":"https:\/\/cambridgesol.edu.ec\/es\/wp-json\/wp\/v2\/product_brand?post=1620"},{"taxonomy":"product_cat","embeddable":true,"href":"https:\/\/cambridgesol.edu.ec\/es\/wp-json\/wp\/v2\/product_cat?post=1620"},{"taxonomy":"product_tag","embeddable":true,"href":"https:\/\/cambridgesol.edu.ec\/es\/wp-json\/wp\/v2\/product_tag?post=1620"}],"curies":[{"name":"wp","href":"https:\/\/api.w.org\/{rel}","templated":true}]}}