{"id":1617,"date":"2026-01-26T22:37:56","date_gmt":"2026-01-26T22:37:56","guid":{"rendered":"https:\/\/cambridgesol.edu.ec\/producto\/cambridge-tkt-exam-fee\/"},"modified":"2026-01-29T21:51:42","modified_gmt":"2026-01-29T21:51:42","slug":"cambridge-tkt-exam","status":"publish","type":"product","link":"https:\/\/cambridgesol.edu.ec\/es\/producto\/cambridge-tkt-exam\/","title":{"rendered":"CAMBRIDGE TKT EXAM"},"content":{"rendered":"<div class=\"product-description\">\n<p>El Cambridge TKT (Teaching Knowledge Test) est\u00e1 dise\u00f1ado para profesores de ingl\u00e9s, tanto en formaci\u00f3n como con experiencia. Eval\u00faa conocimientos te\u00f3ricos sobre metodolog\u00eda, planificaci\u00f3n, gesti\u00f3n del aula y uso de recursos did\u00e1cticos. Consta de m\u00f3dulos independientes (Module 1, 2, 3, CLIL y Young Learners) y no exige un nivel m\u00ednimo de idioma, aunque se recomienda contar con al menos un nivel B1 del MCER. Cada uno puede rendirse de forma independiente, ofreciendo flexibilidad y reconocimiento internacional.<\/p>\n<hr\/>\n<h3>\u00bfQu\u00e9 incluye este servicio?<\/h3>\n<ul>\n<li>Acompa\u00f1amiento y asesor\u00eda especializada<\/li>\n<li>Informaci\u00f3n clara sobre requisitos y tiempos<\/li>\n<li>Soporte durante todo el proceso<\/li>\n<\/ul>\n<h3>Ideal para:<\/h3>\n<ul>\n<li>Estudiantes y profesionales<\/li>\n<li>Procesos acad\u00e9micos, laborales o migratorios<\/li>\n<li>Certificaci\u00f3n internacional de idioma<\/li>\n<\/ul>\n<\/div>","protected":false},"excerpt":{"rendered":"<p>Certificaci\u00f3n internacional que avala conocimientos en ense\u00f1anza del ingl\u00e9s.<\/p>","protected":false},"featured_media":1538,"comment_status":"open","ping_status":"closed","template":"","meta":[],"product_brand":[],"product_cat":[17],"product_tag":[47,49,80,79,50,51,52,81,78],"class_list":{"0":"post-1617","1":"product","2":"type-product","3":"status-publish","4":"has-post-thumbnail","6":"product_cat-cambridge-international-exams","7":"product_tag-cambridge","8":"product_tag-certificacion","9":"product_tag-docentes","10":"product_tag-ensenanza","11":"product_tag-examen","12":"product_tag-ingles","13":"product_tag-internacional","14":"product_tag-metodologia","15":"product_tag-tkt","17":"first","18":"instock","19":"purchasable","20":"product-type-simple"},"yoast_head":"<!-- This site is optimized with the Yoast SEO plugin v27.3 - https:\/\/yoast.com\/product\/yoast-seo-wordpress\/ -->\n<title>CAMBRIDGE TKT EXAM - Cambridge<\/title>\n<meta name=\"robots\" content=\"index, follow, max-snippet:-1, max-image-preview:large, max-video-preview:-1\" \/>\n<link rel=\"canonical\" href=\"https:\/\/cambridgesol.edu.ec\/es\/producto\/cambridge-tkt-exam\/\" \/>\n<meta property=\"og:locale\" content=\"es_MX\" \/>\n<meta property=\"og:type\" content=\"article\" \/>\n<meta property=\"og:title\" content=\"CAMBRIDGE TKT EXAM - Cambridge\" \/>\n<meta property=\"og:description\" content=\"Certificaci\u00f3n internacional que avala conocimientos en ense\u00f1anza del ingl\u00e9s.\" \/>\n<meta property=\"og:url\" content=\"https:\/\/cambridgesol.edu.ec\/es\/producto\/cambridge-tkt-exam\/\" \/>\n<meta property=\"og:site_name\" content=\"Cambridge\" \/>\n<meta property=\"article:publisher\" content=\"https:\/\/www.facebook.com\/cambridgecuador\" \/>\n<meta property=\"article:modified_time\" content=\"2026-01-29T21:51:42+00:00\" \/>\n<meta property=\"og:image\" content=\"https:\/\/cambridgesol.edu.ec\/wp-content\/uploads\/2026\/01\/2-scaled.jpg\" \/>\n\t<meta property=\"og:image:width\" content=\"2560\" \/>\n\t<meta property=\"og:image:height\" content=\"1706\" \/>\n\t<meta property=\"og:image:type\" content=\"image\/jpeg\" \/>\n<meta name=\"twitter:card\" content=\"summary_large_image\" \/>\n<meta name=\"twitter:label1\" content=\"Tiempo de lectura\" \/>\n\t<meta name=\"twitter:data1\" content=\"1 minuto\" \/>\n<script type=\"application\/ld+json\" class=\"yoast-schema-graph\">{\"@context\":\"https:\\\/\\\/schema.org\",\"@graph\":[{\"@type\":\"WebPage\",\"@id\":\"https:\\\/\\\/cambridgesol.edu.ec\\\/producto\\\/cambridge-tkt-exam\\\/\",\"url\":\"https:\\\/\\\/cambridgesol.edu.ec\\\/producto\\\/cambridge-tkt-exam\\\/\",\"name\":\"CAMBRIDGE TKT EXAM - Cambridge\",\"isPartOf\":{\"@id\":\"https:\\\/\\\/cambridgesol.edu.ec\\\/#website\"},\"primaryImageOfPage\":{\"@id\":\"https:\\\/\\\/cambridgesol.edu.ec\\\/producto\\\/cambridge-tkt-exam\\\/#primaryimage\"},\"image\":{\"@id\":\"https:\\\/\\\/cambridgesol.edu.ec\\\/producto\\\/cambridge-tkt-exam\\\/#primaryimage\"},\"thumbnailUrl\":\"https:\\\/\\\/cambridgesol.edu.ec\\\/wp-content\\\/uploads\\\/2026\\\/01\\\/2-scaled.jpg\",\"datePublished\":\"2026-01-26T22:37:56+00:00\",\"dateModified\":\"2026-01-29T21:51:42+00:00\",\"breadcrumb\":{\"@id\":\"https:\\\/\\\/cambridgesol.edu.ec\\\/producto\\\/cambridge-tkt-exam\\\/#breadcrumb\"},\"inLanguage\":\"es\",\"potentialAction\":[{\"@type\":\"ReadAction\",\"target\":[\"https:\\\/\\\/cambridgesol.edu.ec\\\/producto\\\/cambridge-tkt-exam\\\/\"]}]},{\"@type\":\"ImageObject\",\"inLanguage\":\"es\",\"@id\":\"https:\\\/\\\/cambridgesol.edu.ec\\\/producto\\\/cambridge-tkt-exam\\\/#primaryimage\",\"url\":\"https:\\\/\\\/cambridgesol.edu.ec\\\/wp-content\\\/uploads\\\/2026\\\/01\\\/2-scaled.jpg\",\"contentUrl\":\"https:\\\/\\\/cambridgesol.edu.ec\\\/wp-content\\\/uploads\\\/2026\\\/01\\\/2-scaled.jpg\",\"width\":2560,\"height\":1706},{\"@type\":\"BreadcrumbList\",\"@id\":\"https:\\\/\\\/cambridgesol.edu.ec\\\/producto\\\/cambridge-tkt-exam\\\/#breadcrumb\",\"itemListElement\":[{\"@type\":\"ListItem\",\"position\":1,\"name\":\"Home\",\"item\":\"https:\\\/\\\/cambridgesol.edu.ec\\\/\"},{\"@type\":\"ListItem\",\"position\":2,\"name\":\"Tienda\",\"item\":\"https:\\\/\\\/cambridgesol.edu.ec\\\/tienda\\\/\"},{\"@type\":\"ListItem\",\"position\":3,\"name\":\"CAMBRIDGE TKT EXAM\"}]},{\"@type\":\"WebSite\",\"@id\":\"https:\\\/\\\/cambridgesol.edu.ec\\\/#website\",\"url\":\"https:\\\/\\\/cambridgesol.edu.ec\\\/\",\"name\":\"Cambridge\",\"description\":\"\",\"publisher\":{\"@id\":\"https:\\\/\\\/cambridgesol.edu.ec\\\/#organization\"},\"potentialAction\":[{\"@type\":\"SearchAction\",\"target\":{\"@type\":\"EntryPoint\",\"urlTemplate\":\"https:\\\/\\\/cambridgesol.edu.ec\\\/?s={search_term_string}\"},\"query-input\":{\"@type\":\"PropertyValueSpecification\",\"valueRequired\":true,\"valueName\":\"search_term_string\"}}],\"inLanguage\":\"es\"},{\"@type\":\"Organization\",\"@id\":\"https:\\\/\\\/cambridgesol.edu.ec\\\/#organization\",\"name\":\"Cambridge\",\"url\":\"https:\\\/\\\/cambridgesol.edu.ec\\\/\",\"logo\":{\"@type\":\"ImageObject\",\"inLanguage\":\"es\",\"@id\":\"https:\\\/\\\/cambridgesol.edu.ec\\\/#\\\/schema\\\/logo\\\/image\\\/\",\"url\":\"https:\\\/\\\/cambridgesol.edu.ec\\\/wp-content\\\/uploads\\\/2025\\\/04\\\/cropped-iso-cambridge.png\",\"contentUrl\":\"https:\\\/\\\/cambridgesol.edu.ec\\\/wp-content\\\/uploads\\\/2025\\\/04\\\/cropped-iso-cambridge.png\",\"width\":512,\"height\":512,\"caption\":\"Cambridge\"},\"image\":{\"@id\":\"https:\\\/\\\/cambridgesol.edu.ec\\\/#\\\/schema\\\/logo\\\/image\\\/\"},\"sameAs\":[\"https:\\\/\\\/www.facebook.com\\\/cambridgecuador\",\"https:\\\/\\\/www.instagram.com\\\/cambridgecuador\\\/\",\"https:\\\/\\\/www.youtube.com\\\/channel\\\/UCZLnzBGOSxtSK7ZPksEcrqQ\\\/featured?view_as=public\",\"https:\\\/\\\/www.tiktok.com\\\/@cambridgecuador\"]}]}<\/script>\n<!-- \/ Yoast SEO plugin. -->","yoast_head_json":{"title":"CAMBRIDGE TKT EXAM - Cambridge","robots":{"index":"index","follow":"follow","max-snippet":"max-snippet:-1","max-image-preview":"max-image-preview:large","max-video-preview":"max-video-preview:-1"},"canonical":"https:\/\/cambridgesol.edu.ec\/es\/producto\/cambridge-tkt-exam\/","og_locale":"es_MX","og_type":"article","og_title":"CAMBRIDGE TKT EXAM - Cambridge","og_description":"Certificaci\u00f3n internacional que avala conocimientos en ense\u00f1anza del ingl\u00e9s.","og_url":"https:\/\/cambridgesol.edu.ec\/es\/producto\/cambridge-tkt-exam\/","og_site_name":"Cambridge","article_publisher":"https:\/\/www.facebook.com\/cambridgecuador","article_modified_time":"2026-01-29T21:51:42+00:00","og_image":[{"width":2560,"height":1706,"url":"https:\/\/cambridgesol.edu.ec\/wp-content\/uploads\/2026\/01\/2-scaled.jpg","type":"image\/jpeg"}],"twitter_card":"summary_large_image","twitter_misc":{"Tiempo de lectura":"1 minuto"},"schema":{"@context":"https:\/\/schema.org","@graph":[{"@type":"WebPage","@id":"https:\/\/cambridgesol.edu.ec\/producto\/cambridge-tkt-exam\/","url":"https:\/\/cambridgesol.edu.ec\/producto\/cambridge-tkt-exam\/","name":"CAMBRIDGE TKT EXAM - Cambridge","isPartOf":{"@id":"https:\/\/cambridgesol.edu.ec\/#website"},"primaryImageOfPage":{"@id":"https:\/\/cambridgesol.edu.ec\/producto\/cambridge-tkt-exam\/#primaryimage"},"image":{"@id":"https:\/\/cambridgesol.edu.ec\/producto\/cambridge-tkt-exam\/#primaryimage"},"thumbnailUrl":"https:\/\/cambridgesol.edu.ec\/wp-content\/uploads\/2026\/01\/2-scaled.jpg","datePublished":"2026-01-26T22:37:56+00:00","dateModified":"2026-01-29T21:51:42+00:00","breadcrumb":{"@id":"https:\/\/cambridgesol.edu.ec\/producto\/cambridge-tkt-exam\/#breadcrumb"},"inLanguage":"es","potentialAction":[{"@type":"ReadAction","target":["https:\/\/cambridgesol.edu.ec\/producto\/cambridge-tkt-exam\/"]}]},{"@type":"ImageObject","inLanguage":"es","@id":"https:\/\/cambridgesol.edu.ec\/producto\/cambridge-tkt-exam\/#primaryimage","url":"https:\/\/cambridgesol.edu.ec\/wp-content\/uploads\/2026\/01\/2-scaled.jpg","contentUrl":"https:\/\/cambridgesol.edu.ec\/wp-content\/uploads\/2026\/01\/2-scaled.jpg","width":2560,"height":1706},{"@type":"BreadcrumbList","@id":"https:\/\/cambridgesol.edu.ec\/producto\/cambridge-tkt-exam\/#breadcrumb","itemListElement":[{"@type":"ListItem","position":1,"name":"Home","item":"https:\/\/cambridgesol.edu.ec\/"},{"@type":"ListItem","position":2,"name":"Tienda","item":"https:\/\/cambridgesol.edu.ec\/tienda\/"},{"@type":"ListItem","position":3,"name":"CAMBRIDGE TKT EXAM"}]},{"@type":"WebSite","@id":"https:\/\/cambridgesol.edu.ec\/#website","url":"https:\/\/cambridgesol.edu.ec\/","name":"Cambridge","description":"","publisher":{"@id":"https:\/\/cambridgesol.edu.ec\/#organization"},"potentialAction":[{"@type":"SearchAction","target":{"@type":"EntryPoint","urlTemplate":"https:\/\/cambridgesol.edu.ec\/?s={search_term_string}"},"query-input":{"@type":"PropertyValueSpecification","valueRequired":true,"valueName":"search_term_string"}}],"inLanguage":"es"},{"@type":"Organization","@id":"https:\/\/cambridgesol.edu.ec\/#organization","name":"Cambridge","url":"https:\/\/cambridgesol.edu.ec\/","logo":{"@type":"ImageObject","inLanguage":"es","@id":"https:\/\/cambridgesol.edu.ec\/#\/schema\/logo\/image\/","url":"https:\/\/cambridgesol.edu.ec\/wp-content\/uploads\/2025\/04\/cropped-iso-cambridge.png","contentUrl":"https:\/\/cambridgesol.edu.ec\/wp-content\/uploads\/2025\/04\/cropped-iso-cambridge.png","width":512,"height":512,"caption":"Cambridge"},"image":{"@id":"https:\/\/cambridgesol.edu.ec\/#\/schema\/logo\/image\/"},"sameAs":["https:\/\/www.facebook.com\/cambridgecuador","https:\/\/www.instagram.com\/cambridgecuador\/","https:\/\/www.youtube.com\/channel\/UCZLnzBGOSxtSK7ZPksEcrqQ\/featured?view_as=public","https:\/\/www.tiktok.com\/@cambridgecuador"]}]}},"_links":{"self":[{"href":"https:\/\/cambridgesol.edu.ec\/es\/wp-json\/wp\/v2\/product\/1617","targetHints":{"allow":["GET"]}}],"collection":[{"href":"https:\/\/cambridgesol.edu.ec\/es\/wp-json\/wp\/v2\/product"}],"about":[{"href":"https:\/\/cambridgesol.edu.ec\/es\/wp-json\/wp\/v2\/types\/product"}],"replies":[{"embeddable":true,"href":"https:\/\/cambridgesol.edu.ec\/es\/wp-json\/wp\/v2\/comments?post=1617"}],"wp:featuredmedia":[{"embeddable":true,"href":"https:\/\/cambridgesol.edu.ec\/es\/wp-json\/wp\/v2\/media\/1538"}],"wp:attachment":[{"href":"https:\/\/cambridgesol.edu.ec\/es\/wp-json\/wp\/v2\/media?parent=1617"}],"wp:term":[{"taxonomy":"product_brand","embeddable":true,"href":"https:\/\/cambridgesol.edu.ec\/es\/wp-json\/wp\/v2\/product_brand?post=1617"},{"taxonomy":"product_cat","embeddable":true,"href":"https:\/\/cambridgesol.edu.ec\/es\/wp-json\/wp\/v2\/product_cat?post=1617"},{"taxonomy":"product_tag","embeddable":true,"href":"https:\/\/cambridgesol.edu.ec\/es\/wp-json\/wp\/v2\/product_tag?post=1617"}],"curies":[{"name":"wp","href":"https:\/\/api.w.org\/{rel}","templated":true}]}}