{"id":571,"date":"2025-05-05T23:43:32","date_gmt":"2025-05-05T23:43:32","guid":{"rendered":"https:\/\/cambridgesol.edu.ec\/?page_id=571"},"modified":"2025-09-05T19:46:27","modified_gmt":"2025-09-05T19:46:27","slug":"traducciones-certificadas","status":"publish","type":"page","link":"https:\/\/cambridgesol.edu.ec\/es\/extensiones-servicios\/traducciones-certificadas\/","title":{"rendered":"Traducciones Certificadas"},"content":{"rendered":"<div class=\"wpb-content-wrapper\"><div class=\"vc_row wpb_row vc_row-fluid vc_custom_1748213102737 vc_row-has-fill wd-bg-center-center wd-rs-68339d662b5e5 wd-section-stretch-content-no-pd\"><div class=\"wpb_column vc_column_container vc_col-sm-6\"><div class=\"vc_column-inner\"><div class=\"wpb_wrapper\">\t\t<div class=\"wd-el-breadcrumbs wd-wpb wd-rs-68224d307159b text-left\">\n\t\t\t<nav class=\"wd-breadcrumbs woocommerce-breadcrumb\" aria-label=\"Breadcrumb\">\t\t\t\t<span class=\"wd-last\">\n\t\t\t\t\tInicio\t\t\t\t<\/span>\n\t\t\t<\/nav>\t\t<\/div>\n\t\t\n\t\t<div id=\"wd-68339d5db2298\" class=\"title-wrapper wd-wpb wd-set-mb reset-last-child  wd-rs-68339d5db2298 wd-title-color-default wd-title-style-default text-left  wd-underline-colored\">\n\t\t\t\n\t\t\t<div class=\"liner-continer\">\n\t\t\t\t<h4 class=\"woodmart-title-container title  wd-font-weight- wd-fontsize-xxxl\" >Traducciones Certificadas<\/h4>\n\t\t\t\t\t\t\t<\/div>\n\t\t\t\n\t\t\t\n\t\t\t\n\t\t<\/div>\n\t\t\n\t\t<\/div><\/div><\/div><div class=\"wpb_column vc_column_container vc_col-sm-6\"><div class=\"vc_column-inner\"><div class=\"wpb_wrapper\"><\/div><\/div><\/div><\/div><div id=\"extensiones\" class=\"vc_row wpb_row vc_row-fluid vc_custom_1746482731045 vc_row-has-fill wd-rs-681936274ca1d wd-section-stretch-content\"><div class=\"wpb_column vc_column_container vc_col-sm-2\"><div class=\"vc_column-inner\"><div class=\"wpb_wrapper\"><\/div><\/div><\/div><div class=\"wpb_column vc_column_container vc_col-sm-8\"><div class=\"vc_column-inner\"><div class=\"wpb_wrapper\">\t\t<div id=\"wd-68194e626ade9\" class=\"wd-text-block wd-wpb reset-last-child wd-rs-68194e626ade9 text-left\">\n\t\t\t<p align=\"justify\">En Cambridge School of Languages ofrecemos traducciones certficadas, realizadas por traductores titulados y especializados en ingl\u00e9s y espa\u00f1ol. Nuestro equipo est\u00e1 comprometido con la fidelidad, precisi\u00f3n y coherencia del contenido, garantizando que cada texto conserve su intenci\u00f3n original.<\/p>\n\t\t<\/div>\n\t\t<\/div><\/div><\/div><div class=\"wpb_column vc_column_container vc_col-sm-2\"><div class=\"vc_column-inner\"><div class=\"wpb_wrapper\"><\/div><\/div><\/div><\/div><div class=\"vc_row wpb_row vc_row-fluid vc_custom_1746488928555 vc_row-has-fill vc_row-o-equal-height vc_row-o-content-middle vc_row-flex wd-rs-68194e57d6cc5 wd-section-stretch-content\"><div class=\"wpb_column vc_column_container vc_col-sm-6 vc_col-has-fill wd-bg-center-center wd-rs-68194e42ed688\"><div class=\"vc_column-inner vc_custom_1746488910608\"><div class=\"wpb_wrapper\"><div class=\"vc_empty_space\"   style=\"height: 450px\"><span class=\"vc_empty_space_inner\"><\/span><\/div><\/div><\/div><\/div><div class=\"wpb_column vc_column_container vc_col-sm-6 wd-rs-6819353e8a900\"><div class=\"vc_column-inner vc_custom_1746482499243\"><div class=\"wpb_wrapper\">\t\t<div id=\"wd-68194e6d8cd73\" class=\"wd-text-block wd-wpb reset-last-child wd-rs-68194e6d8cd73 text-left\">\n\t\t\t<p align=\"justify\">Realizamos traducciones generales y t\u00e9cnicas, con especializaci\u00f3n en \u00e1reas como finanzas, energ\u00eda, aviaci\u00f3n, turismo, educaci\u00f3n, derecho, entre otras. Hemos trabajado con bancos, petroleras, aerol\u00edneas, ministerios, agencias de turismo, profesionales de diversas \u00e1reas y p\u00fablico en general.<\/p>\n<p align=\"justify\">Las tarifas se calculan en funci\u00f3n del n\u00famero de palabras y el tipo de contenido (general o espec\u00edfico). Ofrecemos atenci\u00f3n inmediata y tiempos de entrega eficientes, seg\u00fan tus necesidades. Revisamos cada traducci\u00f3n con rigurosidad y ofrecemos garant\u00eda de satisfacci\u00f3n.<\/p>\n<p align=\"justify\"><strong>Conf\u00eda en Cambridge School para comunicar tus ideas con claridad y profesionalismo.<\/strong><\/p>\n\t\t<\/div>\n\t\t<div id=\"wd-68193f1837498\" class=\"wd-rs-68193f1837498   wd-rs-68193f1837498 wd-button-wrapper text-left\"><a href=\"#popcontactcamb\" title=\"\" class=\"btn btn-color-primary btn-style-default btn-shape-round btn-size-large wd-open-popup\">CONT\u00c1CTANOS<\/a><\/div><div id=\"popcontactcamb\" class=\"wd-popup wd-popup-element mfp-hide\" style=\"--wd-popup-width:800px;\">\n\t<div class=\"wpb_raw_code wpb_raw_html wpb_content_element\" >\n\t\t<div class=\"wpb_wrapper\">\n\t\t\t<div class=\"forminator-ui forminator-custom-form forminator-custom-form-90 forminator-design--material  forminator_ajax\" data-forminator-render=\"0\" data-form=\"forminator-module-90\" data-uid=\"69d441385b308\"><br\/><\/div><form\n\t\t\t\tid=\"forminator-module-90\"\n\t\t\t\tclass=\"forminator-ui forminator-custom-form forminator-custom-form-90 forminator-design--material  forminator_ajax\"\n\t\t\t\tmethod=\"post\"\n\t\t\t\tdata-forminator-render=\"0\"\n\t\t\t\tdata-form-id=\"90\"\n\t\t\t\t data-color-option=\"default\" data-design=\"material\" data-grid=\"open\" style=\"display: none;\"\n\t\t\t\tdata-uid=\"69d441385b308\" action=\"\"\n\t\t\t><div role=\"alert\" aria-live=\"polite\" class=\"forminator-response-message forminator-error\" aria-hidden=\"true\"><\/div><div class=\"forminator-row\"><div id=\"name-1\" class=\"forminator-field-name forminator-col forminator-col-6\"><div class=\"forminator-field\"><label for=\"forminator-field-name-1_69d441385b308\" id=\"forminator-field-name-1_69d441385b308-label\" class=\"forminator-label\">Nombre <span class=\"forminator-required\">*<\/span><\/label><input type=\"text\" name=\"name-1\" value=\"\" placeholder=\"Ejemplo: Tony\" id=\"forminator-field-name-1_69d441385b308\" class=\"forminator-input forminator-name--field\" aria-required=\"true\" autocomplete=\"name\" \/><\/div><\/div><div id=\"name-2\" class=\"forminator-field-name forminator-col forminator-col-6\"><div class=\"forminator-field\"><label for=\"forminator-field-name-2_69d441385b308\" id=\"forminator-field-name-2_69d441385b308-label\" class=\"forminator-label\">Apellido <span class=\"forminator-required\">*<\/span><\/label><input type=\"text\" name=\"name-2\" value=\"\" placeholder=\"Ejemplo: Stark\" id=\"forminator-field-name-2_69d441385b308\" class=\"forminator-input forminator-name--field\" aria-required=\"true\" autocomplete=\"name\" \/><\/div><\/div><\/div><div class=\"forminator-row\"><div id=\"phone-1\" class=\"forminator-field-phone forminator-col forminator-col-6\"><div class=\"forminator-field\"><label for=\"forminator-field-phone-1_69d441385b308\" id=\"forminator-field-phone-1_69d441385b308-label\" class=\"forminator-label\">Tel\u00e9fono <span class=\"forminator-required\">*<\/span><\/label><input type=\"text\" name=\"phone-1\" value=\"\" placeholder=\"Ejemplo: +593 99 8892553\" id=\"forminator-field-phone-1_69d441385b308\" class=\"forminator-input forminator-field--phone\" data-required=\"1\" aria-required=\"true\" autocomplete=\"off\" data-national_mode=\"enabled\" data-country=\"ec\" data-validation=\"standard\" \/><\/div><\/div><div id=\"email-1\" class=\"forminator-field-email forminator-col forminator-col-6\"><div class=\"forminator-field\"><label for=\"forminator-field-email-1_69d441385b308\" id=\"forminator-field-email-1_69d441385b308-label\" class=\"forminator-label\">Correo electr\u00f3nico <span class=\"forminator-required\">*<\/span><\/label><input type=\"email\" name=\"email-1\" value=\"\" placeholder=\"Ej . : tonystark@marvel.com\" id=\"forminator-field-email-1_69d441385b308\" class=\"forminator-input forminator-email--field\" data-required=\"1\" aria-required=\"true\" autocomplete=\"email\" \/><\/div><\/div><\/div><div class=\"forminator-row\"><div id=\"select-3\" class=\"forminator-field-select forminator-col forminator-col-12\"><div class=\"forminator-field\"><label for=\"forminator-form-90__field--select-3_69d441385b308\" id=\"forminator-form-90__field--select-3_69d441385b308-label\" class=\"forminator-label\">Escoge la sucursal de tu inter\u00e9s <span class=\"forminator-required\">*<\/span><\/label><select  id=\"forminator-form-90__field--select-3_69d441385b308\" class=\"forminator-select--field forminator-select2 forminator-select2-multiple\" data-required=\"1\" name=\"select-3\" data-default-value=\"Quito\" data-hidden-behavior=\"zero\" data-placeholder=\"Please select an option\" data-search=\"false\" data-search-placeholder=\"Please select an option\" data-checkbox=\"false\" data-allow-clear=\"false\" aria-labelledby=\"forminator-form-90__field--select-3_69d441385b308-label\"><option value=\"\"  >Please select an option<\/option><option value=\"Quito\" selected=\"selected\" data-calculation=\"0\">Quito<\/option><option value=\"Valle de Los Chillos\"  data-calculation=\"0\">Valle de Los Chillos<\/option><option value=\"Ambato\"  data-calculation=\"0\">Ambato<\/option><option value=\"Cuenca\"  data-calculation=\"0\">Cuenca<\/option><option value=\"Otra ciudad\"  data-calculation=\"0\">Otra ciudad<\/option><\/select><\/div><\/div><\/div><div class=\"forminator-row\"><div id=\"text-1\" class=\"forminator-field-text forminator-col forminator-col-12\"><div class=\"forminator-field\"><label for=\"forminator-field-text-1_69d441385b308\" id=\"forminator-field-text-1_69d441385b308-label\" class=\"forminator-label\">\u00bfEn qu\u00e9 ciudad est\u00e1s? <span class=\"forminator-required\">*<\/span><\/label><input type=\"text\" name=\"text-1\" value=\"\" placeholder=\"\" id=\"forminator-field-text-1_69d441385b308\" class=\"forminator-input forminator-name--field\" data-required=\"1\" \/><\/div><\/div><\/div><div class=\"forminator-row\"><div id=\"select-1\" class=\"forminator-field-select forminator-col forminator-col-12\"><div class=\"forminator-field\"><label for=\"forminator-form-90__field--select-1_69d441385b308\" id=\"forminator-form-90__field--select-1_69d441385b308-label\" class=\"forminator-label\">\u00bfQu\u00e9 curso te interesa? <span class=\"forminator-required\">*<\/span><\/label><select  id=\"forminator-form-90__field--select-1_69d441385b308\" class=\"forminator-select--field forminator-select2 forminator-select2-multiple\" data-required=\"1\" name=\"select-1\" data-default-value=\"Prescolares\" data-hidden-behavior=\"zero\" data-placeholder=\"Please select an option\" data-search=\"false\" data-search-placeholder=\"Please select an option\" data-checkbox=\"false\" data-allow-clear=\"false\" aria-labelledby=\"forminator-form-90__field--select-1_69d441385b308-label\"><option value=\"\"  >Please select an option<\/option><option value=\"Prescolares\" selected=\"selected\" data-calculation=\"0\">Prescolares<\/option><option value=\"Ni\u00f1os\"  data-calculation=\"0\">Ni\u00f1os<\/option><option value=\"Adolescentes\"  data-calculation=\"0\">Adolescentes<\/option><option value=\"Adultos\"  data-calculation=\"0\">Adultos<\/option><option value=\"One to One\"  data-calculation=\"0\">One to One<\/option><option value=\"Listening &amp; Speaking\"  data-calculation=\"0\">Listening &amp; Speaking<\/option><option value=\"Club de conversaci\u00f3n\"  data-calculation=\"0\">Club de conversaci\u00f3n<\/option><option value=\"Otro\"  data-calculation=\"0\">Otro<\/option><\/select><\/div><\/div><\/div><div class=\"forminator-row\"><div id=\"select-2\" class=\"forminator-field-select forminator-col forminator-col-12\"><div class=\"forminator-field\"><label for=\"forminator-form-90__field--select-2_69d441385b308\" id=\"forminator-form-90__field--select-2_69d441385b308-label\" class=\"forminator-label\">Modalidad <span class=\"forminator-required\">*<\/span><\/label><select  id=\"forminator-form-90__field--select-2_69d441385b308\" class=\"forminator-select--field forminator-select2 forminator-select2-multiple\" data-required=\"1\" name=\"select-2\" data-default-value=\"Presencial\" data-hidden-behavior=\"zero\" data-placeholder=\"Please select an option\" data-search=\"false\" data-search-placeholder=\"Please select an option\" data-checkbox=\"false\" data-allow-clear=\"false\" aria-labelledby=\"forminator-form-90__field--select-2_69d441385b308-label\"><option value=\"\"  >Please select an option<\/option><option value=\"Presencial\" selected=\"selected\" data-calculation=\"0\">Presencial<\/option><option value=\"Virtual\"  data-calculation=\"0\">Virtual<\/option><\/select><\/div><\/div><\/div><div class=\"forminator-row\"><div id=\"textarea-1\" class=\"forminator-field-textarea forminator-col forminator-col-12\"><div class=\"forminator-field\"><label for=\"forminator-field-textarea-1_69d441385b308\" id=\"forminator-field-textarea-1_69d441385b308-label\" class=\"forminator-label\">Describe tus dudas <span class=\"forminator-required\">*<\/span><\/label><textarea name=\"textarea-1\" placeholder=\"Ejemplo: Quiero hablar en ingl\u00e9s con Jarvis\" id=\"forminator-field-textarea-1_69d441385b308\" class=\"forminator-textarea\" rows=\"6\" style=\"min-height:140px;\" ><\/textarea><\/div><\/div><\/div><div class=\"forminator-row\"><div id=\"consent-1\" class=\"forminator-field-consent forminator-col forminator-col-12\"><div class=\"forminator-field\"><label for=\"forminator-field-consent-1_69d441385b308\" id=\"forminator-field-consent-1_69d441385b308-label\" class=\"forminator-label\">Consentimiento <span class=\"forminator-required\">*<\/span><\/label><div class=\"forminator-checkbox__wrapper\"><label id=\"forminator-field-consent-1_69d441385b308__label\" class=\"forminator-checkbox forminator-consent\"><input type=\"checkbox\" name=\"consent-1\" id=\"forminator-field-consent-1_69d441385b308\" value=\"checked\" aria-labelledby=\"forminator-field-consent-1_69d441385b308-label\" aria-describedby=\"forminator-field-consent-1_69d441385b308__description\" data-required=\"true\" aria-required=\"true\" \/><span class=\"forminator-checkbox-box\" aria-hidden=\"true\"><\/span><\/label><div id=\"forminator-field-consent-1_69d441385b308__description\" class=\"forminator-checkbox__label forminator-consent__label\"><p>S\u00ed, acepto sus <a href=\"https:\/\/cambridgesol.edu.ec\/es\/politicas-y-privacidad\/\">pol\u00edticas de privacidad<\/a>.<\/p><\/div><\/div><\/div><\/div><\/div><div class=\"forminator-row\"><div id=\"captcha-1\" class=\"forminator-field-captcha forminator-col forminator-col-12\"><div class=\"forminator-captcha-left forminator-g-recaptcha\" data-theme=\"light\"  data-sitekey=\"6Ldm078rAAAAALtD89YCk5KUtZzGdIipdfXwG5VY\" data-size=\"normal\"><\/div> <\/div><\/div><input type=\"hidden\" name=\"referer_url\" value=\"\" \/><div class=\"forminator-row forminator-row-last\"><div class=\"forminator-col\"><div class=\"forminator-field\"><button class=\"forminator-button forminator-button-submit\"><span>Enviar mensaje<\/span><span aria-hidden=\"true\"><\/span><\/button><\/div><\/div><\/div><input type=\"hidden\" id=\"forminator_nonce\" name=\"forminator_nonce\" value=\"b876aed28f\" \/><input type=\"hidden\" name=\"_wp_http_referer\" value=\"\/es\/wp-json\/wp\/v2\/pages\/571\" \/><input type=\"hidden\" name=\"form_id\" value=\"90\"><input type=\"hidden\" name=\"page_id\" value=\"571\"><input type=\"hidden\" name=\"form_type\" value=\"default\"><input type=\"hidden\" name=\"current_url\" value=\"https:\/\/cambridgesol.edu.ec\/es\/extensiones-servicios\/traducciones-certificadas\/\"><input type=\"hidden\" name=\"render_id\" value=\"0\"><input type=\"hidden\" name=\"action\" value=\"forminator_submit_form_custom-forms\"><input type=\"hidden\" name=\"trp-form-language\" value=\"es\"\/><\/form>\n\t\t<\/div>\n\t<\/div>\n<\/div><\/div><\/div><\/div><\/div>\n<\/div>","protected":false},"excerpt":{"rendered":"Inicio Traducciones Certificadas En Cambridge School of Languages ofrecemos traducciones certficadas, realizadas por traductores titulados y especializados en ingl\u00e9s","protected":false},"author":2,"featured_media":0,"parent":500,"menu_order":0,"comment_status":"closed","ping_status":"closed","template":"","meta":{"footnotes":""},"class_list":["post-571","page","type-page","status-publish","hentry"],"yoast_head":"<!-- This site is optimized with the Yoast SEO plugin v27.3 - https:\/\/yoast.com\/product\/yoast-seo-wordpress\/ -->\n<title>Traducciones Certificadas - Cambridge<\/title>\n<meta name=\"robots\" content=\"index, follow, max-snippet:-1, max-image-preview:large, max-video-preview:-1\" \/>\n<link rel=\"canonical\" href=\"https:\/\/cambridgesol.edu.ec\/es\/extensiones-servicios\/traducciones-certificadas\/\" \/>\n<meta property=\"og:locale\" content=\"es_MX\" \/>\n<meta property=\"og:type\" content=\"article\" \/>\n<meta property=\"og:title\" content=\"Traducciones Certificadas - Cambridge\" \/>\n<meta property=\"og:url\" content=\"https:\/\/cambridgesol.edu.ec\/es\/extensiones-servicios\/traducciones-certificadas\/\" \/>\n<meta property=\"og:site_name\" content=\"Cambridge\" \/>\n<meta property=\"article:publisher\" content=\"https:\/\/www.facebook.com\/cambridgecuador\" \/>\n<meta property=\"article:modified_time\" content=\"2025-09-05T19:46:27+00:00\" \/>\n<meta name=\"twitter:card\" content=\"summary_large_image\" \/>\n<meta name=\"twitter:label1\" content=\"Tiempo de lectura\" \/>\n\t<meta name=\"twitter:data1\" content=\"2 minutos\" \/>\n<script type=\"application\/ld+json\" class=\"yoast-schema-graph\">{\"@context\":\"https:\\\/\\\/schema.org\",\"@graph\":[{\"@type\":\"WebPage\",\"@id\":\"https:\\\/\\\/cambridgesol.edu.ec\\\/extensiones-servicios\\\/traducciones-certificadas\\\/\",\"url\":\"https:\\\/\\\/cambridgesol.edu.ec\\\/extensiones-servicios\\\/traducciones-certificadas\\\/\",\"name\":\"Traducciones Certificadas - Cambridge\",\"isPartOf\":{\"@id\":\"https:\\\/\\\/cambridgesol.edu.ec\\\/#website\"},\"datePublished\":\"2025-05-05T23:43:32+00:00\",\"dateModified\":\"2025-09-05T19:46:27+00:00\",\"breadcrumb\":{\"@id\":\"https:\\\/\\\/cambridgesol.edu.ec\\\/extensiones-servicios\\\/traducciones-certificadas\\\/#breadcrumb\"},\"inLanguage\":\"es\",\"potentialAction\":[{\"@type\":\"ReadAction\",\"target\":[\"https:\\\/\\\/cambridgesol.edu.ec\\\/extensiones-servicios\\\/traducciones-certificadas\\\/\"]}]},{\"@type\":\"BreadcrumbList\",\"@id\":\"https:\\\/\\\/cambridgesol.edu.ec\\\/extensiones-servicios\\\/traducciones-certificadas\\\/#breadcrumb\",\"itemListElement\":[{\"@type\":\"ListItem\",\"position\":1,\"name\":\"Home\",\"item\":\"https:\\\/\\\/cambridgesol.edu.ec\\\/\"},{\"@type\":\"ListItem\",\"position\":2,\"name\":\"Certificaciones &#038; Servicios\",\"item\":\"https:\\\/\\\/cambridgesol.edu.ec\\\/extensiones-servicios\\\/\"},{\"@type\":\"ListItem\",\"position\":3,\"name\":\"Traducciones Certificadas\"}]},{\"@type\":\"WebSite\",\"@id\":\"https:\\\/\\\/cambridgesol.edu.ec\\\/#website\",\"url\":\"https:\\\/\\\/cambridgesol.edu.ec\\\/\",\"name\":\"Cambridge\",\"description\":\"\",\"publisher\":{\"@id\":\"https:\\\/\\\/cambridgesol.edu.ec\\\/#organization\"},\"potentialAction\":[{\"@type\":\"SearchAction\",\"target\":{\"@type\":\"EntryPoint\",\"urlTemplate\":\"https:\\\/\\\/cambridgesol.edu.ec\\\/?s={search_term_string}\"},\"query-input\":{\"@type\":\"PropertyValueSpecification\",\"valueRequired\":true,\"valueName\":\"search_term_string\"}}],\"inLanguage\":\"es\"},{\"@type\":\"Organization\",\"@id\":\"https:\\\/\\\/cambridgesol.edu.ec\\\/#organization\",\"name\":\"Cambridge\",\"url\":\"https:\\\/\\\/cambridgesol.edu.ec\\\/\",\"logo\":{\"@type\":\"ImageObject\",\"inLanguage\":\"es\",\"@id\":\"https:\\\/\\\/cambridgesol.edu.ec\\\/#\\\/schema\\\/logo\\\/image\\\/\",\"url\":\"https:\\\/\\\/cambridgesol.edu.ec\\\/wp-content\\\/uploads\\\/2025\\\/04\\\/cropped-iso-cambridge.png\",\"contentUrl\":\"https:\\\/\\\/cambridgesol.edu.ec\\\/wp-content\\\/uploads\\\/2025\\\/04\\\/cropped-iso-cambridge.png\",\"width\":512,\"height\":512,\"caption\":\"Cambridge\"},\"image\":{\"@id\":\"https:\\\/\\\/cambridgesol.edu.ec\\\/#\\\/schema\\\/logo\\\/image\\\/\"},\"sameAs\":[\"https:\\\/\\\/www.facebook.com\\\/cambridgecuador\",\"https:\\\/\\\/www.instagram.com\\\/cambridgecuador\\\/\",\"https:\\\/\\\/www.youtube.com\\\/channel\\\/UCZLnzBGOSxtSK7ZPksEcrqQ\\\/featured?view_as=public\",\"https:\\\/\\\/www.tiktok.com\\\/@cambridgecuador\"]}]}<\/script>\n<!-- \/ Yoast SEO plugin. -->","yoast_head_json":{"title":"Traducciones Certificadas - Cambridge","robots":{"index":"index","follow":"follow","max-snippet":"max-snippet:-1","max-image-preview":"max-image-preview:large","max-video-preview":"max-video-preview:-1"},"canonical":"https:\/\/cambridgesol.edu.ec\/es\/extensiones-servicios\/traducciones-certificadas\/","og_locale":"es_MX","og_type":"article","og_title":"Traducciones Certificadas - Cambridge","og_url":"https:\/\/cambridgesol.edu.ec\/es\/extensiones-servicios\/traducciones-certificadas\/","og_site_name":"Cambridge","article_publisher":"https:\/\/www.facebook.com\/cambridgecuador","article_modified_time":"2025-09-05T19:46:27+00:00","twitter_card":"summary_large_image","twitter_misc":{"Tiempo de lectura":"2 minutos"},"schema":{"@context":"https:\/\/schema.org","@graph":[{"@type":"WebPage","@id":"https:\/\/cambridgesol.edu.ec\/extensiones-servicios\/traducciones-certificadas\/","url":"https:\/\/cambridgesol.edu.ec\/extensiones-servicios\/traducciones-certificadas\/","name":"Traducciones Certificadas - Cambridge","isPartOf":{"@id":"https:\/\/cambridgesol.edu.ec\/#website"},"datePublished":"2025-05-05T23:43:32+00:00","dateModified":"2025-09-05T19:46:27+00:00","breadcrumb":{"@id":"https:\/\/cambridgesol.edu.ec\/extensiones-servicios\/traducciones-certificadas\/#breadcrumb"},"inLanguage":"es","potentialAction":[{"@type":"ReadAction","target":["https:\/\/cambridgesol.edu.ec\/extensiones-servicios\/traducciones-certificadas\/"]}]},{"@type":"BreadcrumbList","@id":"https:\/\/cambridgesol.edu.ec\/extensiones-servicios\/traducciones-certificadas\/#breadcrumb","itemListElement":[{"@type":"ListItem","position":1,"name":"Home","item":"https:\/\/cambridgesol.edu.ec\/"},{"@type":"ListItem","position":2,"name":"Certificaciones &#038; Servicios","item":"https:\/\/cambridgesol.edu.ec\/extensiones-servicios\/"},{"@type":"ListItem","position":3,"name":"Traducciones Certificadas"}]},{"@type":"WebSite","@id":"https:\/\/cambridgesol.edu.ec\/#website","url":"https:\/\/cambridgesol.edu.ec\/","name":"Cambridge","description":"","publisher":{"@id":"https:\/\/cambridgesol.edu.ec\/#organization"},"potentialAction":[{"@type":"SearchAction","target":{"@type":"EntryPoint","urlTemplate":"https:\/\/cambridgesol.edu.ec\/?s={search_term_string}"},"query-input":{"@type":"PropertyValueSpecification","valueRequired":true,"valueName":"search_term_string"}}],"inLanguage":"es"},{"@type":"Organization","@id":"https:\/\/cambridgesol.edu.ec\/#organization","name":"Cambridge","url":"https:\/\/cambridgesol.edu.ec\/","logo":{"@type":"ImageObject","inLanguage":"es","@id":"https:\/\/cambridgesol.edu.ec\/#\/schema\/logo\/image\/","url":"https:\/\/cambridgesol.edu.ec\/wp-content\/uploads\/2025\/04\/cropped-iso-cambridge.png","contentUrl":"https:\/\/cambridgesol.edu.ec\/wp-content\/uploads\/2025\/04\/cropped-iso-cambridge.png","width":512,"height":512,"caption":"Cambridge"},"image":{"@id":"https:\/\/cambridgesol.edu.ec\/#\/schema\/logo\/image\/"},"sameAs":["https:\/\/www.facebook.com\/cambridgecuador","https:\/\/www.instagram.com\/cambridgecuador\/","https:\/\/www.youtube.com\/channel\/UCZLnzBGOSxtSK7ZPksEcrqQ\/featured?view_as=public","https:\/\/www.tiktok.com\/@cambridgecuador"]}]}},"_links":{"self":[{"href":"https:\/\/cambridgesol.edu.ec\/es\/wp-json\/wp\/v2\/pages\/571","targetHints":{"allow":["GET"]}}],"collection":[{"href":"https:\/\/cambridgesol.edu.ec\/es\/wp-json\/wp\/v2\/pages"}],"about":[{"href":"https:\/\/cambridgesol.edu.ec\/es\/wp-json\/wp\/v2\/types\/page"}],"author":[{"embeddable":true,"href":"https:\/\/cambridgesol.edu.ec\/es\/wp-json\/wp\/v2\/users\/2"}],"replies":[{"embeddable":true,"href":"https:\/\/cambridgesol.edu.ec\/es\/wp-json\/wp\/v2\/comments?post=571"}],"version-history":[{"count":7,"href":"https:\/\/cambridgesol.edu.ec\/es\/wp-json\/wp\/v2\/pages\/571\/revisions"}],"predecessor-version":[{"id":1067,"href":"https:\/\/cambridgesol.edu.ec\/es\/wp-json\/wp\/v2\/pages\/571\/revisions\/1067"}],"up":[{"embeddable":true,"href":"https:\/\/cambridgesol.edu.ec\/es\/wp-json\/wp\/v2\/pages\/500"}],"wp:attachment":[{"href":"https:\/\/cambridgesol.edu.ec\/es\/wp-json\/wp\/v2\/media?parent=571"}],"curies":[{"name":"wp","href":"https:\/\/api.w.org\/{rel}","templated":true}]}}