{"id":552,"date":"2025-05-05T23:10:35","date_gmt":"2025-05-05T23:10:35","guid":{"rendered":"https:\/\/cambridgesol.edu.ec\/?page_id=552"},"modified":"2025-09-05T19:51:28","modified_gmt":"2025-09-05T19:51:28","slug":"teacher-to-teacher","status":"publish","type":"page","link":"https:\/\/cambridgesol.edu.ec\/es\/extensiones-servicios\/teacher-to-teacher\/","title":{"rendered":"Teacher to Teacher"},"content":{"rendered":"<div class=\"wpb-content-wrapper\"><div class=\"vc_row wpb_row vc_row-fluid vc_custom_1748212606925 vc_row-has-fill wd-bg-center-top wd-rs-68339b7584b76 wd-section-stretch-content-no-pd\"><div class=\"wpb_column vc_column_container vc_col-sm-6\"><div class=\"vc_column-inner\"><div class=\"wpb_wrapper\">\t\t<div class=\"wd-el-breadcrumbs wd-wpb wd-rs-68339b902dbf9 text-left\">\n\t\t\t<nav class=\"wd-breadcrumbs woocommerce-breadcrumb\" aria-label=\"Breadcrumb\">\t\t\t\t<span class=\"wd-last\">\n\t\t\t\t\tInicio\t\t\t\t<\/span>\n\t\t\t<\/nav>\t\t<\/div>\n\t\t\n\t\t<div id=\"wd-68339b80b07e1\" class=\"title-wrapper wd-wpb wd-set-mb reset-last-child  wd-rs-68339b80b07e1 wd-title-color-default wd-title-style-default text-left  wd-underline-colored\">\n\t\t\t\n\t\t\t<div class=\"liner-continer\">\n\t\t\t\t<h4 class=\"woodmart-title-container title  wd-font-weight- wd-fontsize-xxxl\" >Teacher to Teacher<\/h4>\n\t\t\t\t\t\t\t<\/div>\n\t\t\t\n\t\t\t\n\t\t\t\n\t\t<\/div>\n\t\t\n\t\t<\/div><\/div><\/div><div class=\"wpb_column vc_column_container vc_col-sm-6\"><div class=\"vc_column-inner\"><div class=\"wpb_wrapper\"><\/div><\/div><\/div><\/div><div class=\"vc_row wpb_row vc_row-fluid vc_column-gap-35 vc_row-o-equal-height vc_row-o-content-top vc_row-flex wd-rs-68193f418f4af\"><div class=\"wpb_column vc_column_container vc_col-sm-6\"><div class=\"vc_column-inner\"><div class=\"wpb_wrapper\">\n\t\t<div id=\"wd-68339ba0ca857\" class=\"title-wrapper wd-wpb wd-set-mb reset-last-child  wd-rs-68339ba0ca857 wd-title-color-alt wd-title-style-simple text-left  wd-underline-colored\">\n\t\t\t\n\t\t\t<div class=\"liner-continer\">\n\t\t\t\t<h4 class=\"woodmart-title-container title  wd-font-weight-700 wd-fontsize-xl\" >40 horas de formaci\u00f3n certificada<\/h4>\n\t\t\t\t\t\t\t<\/div>\n\t\t\t\n\t\t\t\n\t\t\t\n\t\t<\/div>\n\t\t\n\t\t\t\t<div id=\"wd-681944ded6f26\" class=\"wd-text-block wd-wpb reset-last-child wd-rs-681944ded6f26 text-left\">\n\t\t\t<p align=\"justify\">Nuestro programa Teacher to Teacher (T2T) ofrece un formato flexible con certificaci\u00f3n garantizada, combinando clases en vivo con docentes expertos y aprendizaje interactivo en la plataforma, ofreci\u00e9ndote lo mejor de ambos mundos. 40 horas de formaci\u00f3n certificada, con acceso a recursos acad\u00e9micos como videos, materiales did\u00e1cticos y sesiones en vivo. Aprende con una metodolog\u00eda innovadora que se adapta a tu ritmo y potencia tu desarrollo profesional.<\/p>\n\t\t<\/div>\n\t\t\t\t<div id=\"wd-6819452f52af6\" class=\"wd-text-block wd-wpb reset-last-child wd-rs-6819452f52af6 text-left\">\n\t\t\t<p align=\"justify\">En tan solo 12 meses, tendr\u00e1s acceso a 5 m\u00f3dulos de formaci\u00f3n de 40 horas cada uno, dise\u00f1ados para actualizar tus t\u00e9cnicas y conocimientos en la ense\u00f1anza del ingl\u00e9s. Este programa no solo fortalecer\u00e1 tu experiencia pedag\u00f3gica, sino que tambi\u00e9n te brindar\u00e1 una certificaci\u00f3n reconocida y avalada por Cambridge School of Languages, asegurando tu crecimiento profesional en el \u00e1mbito educativo.<\/p>\n\t\t<\/div>\n\t\t<\/div><\/div><\/div><div class=\"wpb_column vc_column_container vc_col-sm-6 wd-rs-68193f3c205ab\"><div class=\"vc_column-inner\"><div class=\"wpb_wrapper\">\n\t\t<div id=\"wd-68339ba92de62\" class=\"title-wrapper wd-wpb wd-set-mb reset-last-child  wd-rs-68339ba92de62 wd-title-color-default wd-title-style-default text-left  wd-underline-colored\">\n\t\t\t\n\t\t\t<div class=\"liner-continer\">\n\t\t\t\t<h4 class=\"woodmart-title-container title  wd-font-weight-700 wd-fontsize-m\" >\u00bfPor qu\u00e9 ser parte de este programa de formaci\u00f3n?<\/h4>\n\t\t\t\t\t\t\t<\/div>\n\t\t\t\n\t\t\t\n\t\t\t\n\t\t<\/div>\n\t\t\n\t\t\t\t<div id=\"wd-6819454772d29\" class=\"wd-text-block wd-wpb reset-last-child wd-rs-6819454772d29 text-left\">\n\t\t\t<p align=\"justify\">Es una excelente oportunidad para fortalecer tu enfoque pedag\u00f3gico, descubrir estrategias innovadoras y explorar nuevas metodolog\u00edas que transformar\u00e1n tu manera de ense\u00f1ar.<br \/>\nAdem\u00e1s, te conectar\u00e1s con una comunidad de profesionales apasionados por la educaci\u00f3n y el aprendizaje del ingl\u00e9s, donde intercambiar\u00e1s ideas y obtendr\u00e1s herramientas que marcar\u00e1n la diferencia en tu desarrollo docente.<\/p>\n\t\t<\/div>\n\t\t\n\t\t<div id=\"wd-68339bb1b7f66\" class=\"title-wrapper wd-wpb wd-set-mb reset-last-child  wd-rs-68339bb1b7f66 wd-title-color-default wd-title-style-default text-left  wd-underline-colored\">\n\t\t\t\n\t\t\t<div class=\"liner-continer\">\n\t\t\t\t<h4 class=\"woodmart-title-container title  wd-font-weight-700 wd-fontsize-m\" >Una inversi\u00f3n que garantiza resultados pedag\u00f3gicos<\/h4>\n\t\t\t\t\t\t\t<\/div>\n\t\t\t\n\t\t\t\n\t\t\t\n\t\t<\/div>\n\t\t\n\t\t\t\t<div id=\"wd-6819455b60610\" class=\"wd-text-block wd-wpb reset-last-child wd-rs-6819455b60610 text-left\">\n\t\t\t<p align=\"justify\">Este programa de formaci\u00f3n est\u00e1 dise\u00f1ado para ofrecer flexibilidad y accesibilidad, permiti\u00e9ndote elegir la opci\u00f3n de pago que mejor se adapte a tus necesidades.<\/p>\n\t\t<\/div>\n\t\t<div id=\"wd-68193f1837498\" class=\"wd-rs-68193f1837498   wd-rs-68193f1837498 wd-button-wrapper text-left\"><a href=\"#popcontactcamb\" title=\"\" class=\"btn btn-color-primary btn-style-default btn-shape-round btn-size-large wd-open-popup\">CONT\u00c1CTANOS<\/a><\/div><div id=\"popcontactcamb\" class=\"wd-popup wd-popup-element mfp-hide\" style=\"--wd-popup-width:800px;\">\n\t<div class=\"wpb_raw_code wpb_raw_html wpb_content_element\" >\n\t\t<div class=\"wpb_wrapper\">\n\t\t\t<div class=\"forminator-ui forminator-custom-form forminator-custom-form-90 forminator-design--material  forminator_ajax\" data-forminator-render=\"0\" data-form=\"forminator-module-90\" data-uid=\"69d440f9c4626\"><br\/><\/div><form\n\t\t\t\tid=\"forminator-module-90\"\n\t\t\t\tclass=\"forminator-ui forminator-custom-form forminator-custom-form-90 forminator-design--material  forminator_ajax\"\n\t\t\t\tmethod=\"post\"\n\t\t\t\tdata-forminator-render=\"0\"\n\t\t\t\tdata-form-id=\"90\"\n\t\t\t\t data-color-option=\"default\" data-design=\"material\" data-grid=\"open\" style=\"display: none;\"\n\t\t\t\tdata-uid=\"69d440f9c4626\" action=\"\"\n\t\t\t><div role=\"alert\" aria-live=\"polite\" class=\"forminator-response-message forminator-error\" aria-hidden=\"true\"><\/div><div class=\"forminator-row\"><div id=\"name-1\" class=\"forminator-field-name forminator-col forminator-col-6\"><div class=\"forminator-field\"><label for=\"forminator-field-name-1_69d440f9c4626\" id=\"forminator-field-name-1_69d440f9c4626-label\" class=\"forminator-label\">Nombre <span class=\"forminator-required\">*<\/span><\/label><input type=\"text\" name=\"name-1\" value=\"\" placeholder=\"Ejemplo: Tony\" id=\"forminator-field-name-1_69d440f9c4626\" class=\"forminator-input forminator-name--field\" aria-required=\"true\" autocomplete=\"name\" \/><\/div><\/div><div id=\"name-2\" class=\"forminator-field-name forminator-col forminator-col-6\"><div class=\"forminator-field\"><label for=\"forminator-field-name-2_69d440f9c4626\" id=\"forminator-field-name-2_69d440f9c4626-label\" class=\"forminator-label\">Apellido <span class=\"forminator-required\">*<\/span><\/label><input type=\"text\" name=\"name-2\" value=\"\" placeholder=\"Ejemplo: Stark\" id=\"forminator-field-name-2_69d440f9c4626\" class=\"forminator-input forminator-name--field\" aria-required=\"true\" autocomplete=\"name\" \/><\/div><\/div><\/div><div class=\"forminator-row\"><div id=\"phone-1\" class=\"forminator-field-phone forminator-col forminator-col-6\"><div class=\"forminator-field\"><label for=\"forminator-field-phone-1_69d440f9c4626\" id=\"forminator-field-phone-1_69d440f9c4626-label\" class=\"forminator-label\">Tel\u00e9fono <span class=\"forminator-required\">*<\/span><\/label><input type=\"text\" name=\"phone-1\" value=\"\" placeholder=\"Ejemplo: +593 99 8892553\" id=\"forminator-field-phone-1_69d440f9c4626\" class=\"forminator-input forminator-field--phone\" data-required=\"1\" aria-required=\"true\" autocomplete=\"off\" data-national_mode=\"enabled\" data-country=\"ec\" data-validation=\"standard\" \/><\/div><\/div><div id=\"email-1\" class=\"forminator-field-email forminator-col forminator-col-6\"><div class=\"forminator-field\"><label for=\"forminator-field-email-1_69d440f9c4626\" id=\"forminator-field-email-1_69d440f9c4626-label\" class=\"forminator-label\">Correo electr\u00f3nico <span class=\"forminator-required\">*<\/span><\/label><input type=\"email\" name=\"email-1\" value=\"\" placeholder=\"Ej . : tonystark@marvel.com\" id=\"forminator-field-email-1_69d440f9c4626\" class=\"forminator-input forminator-email--field\" data-required=\"1\" aria-required=\"true\" autocomplete=\"email\" \/><\/div><\/div><\/div><div class=\"forminator-row\"><div id=\"select-3\" class=\"forminator-field-select forminator-col forminator-col-12\"><div class=\"forminator-field\"><label for=\"forminator-form-90__field--select-3_69d440f9c4626\" id=\"forminator-form-90__field--select-3_69d440f9c4626-label\" class=\"forminator-label\">Escoge la sucursal de tu inter\u00e9s <span class=\"forminator-required\">*<\/span><\/label><select  id=\"forminator-form-90__field--select-3_69d440f9c4626\" class=\"forminator-select--field forminator-select2 forminator-select2-multiple\" data-required=\"1\" name=\"select-3\" data-default-value=\"Quito\" data-hidden-behavior=\"zero\" data-placeholder=\"Please select an option\" data-search=\"false\" data-search-placeholder=\"Please select an option\" data-checkbox=\"false\" data-allow-clear=\"false\" aria-labelledby=\"forminator-form-90__field--select-3_69d440f9c4626-label\"><option value=\"\"  >Please select an option<\/option><option value=\"Quito\" selected=\"selected\" data-calculation=\"0\">Quito<\/option><option value=\"Valle de Los Chillos\"  data-calculation=\"0\">Valle de Los Chillos<\/option><option value=\"Ambato\"  data-calculation=\"0\">Ambato<\/option><option value=\"Cuenca\"  data-calculation=\"0\">Cuenca<\/option><option value=\"Otra ciudad\"  data-calculation=\"0\">Otra ciudad<\/option><\/select><\/div><\/div><\/div><div class=\"forminator-row\"><div id=\"text-1\" class=\"forminator-field-text forminator-col forminator-col-12\"><div class=\"forminator-field\"><label for=\"forminator-field-text-1_69d440f9c4626\" id=\"forminator-field-text-1_69d440f9c4626-label\" class=\"forminator-label\">\u00bfEn qu\u00e9 ciudad est\u00e1s? <span class=\"forminator-required\">*<\/span><\/label><input type=\"text\" name=\"text-1\" value=\"\" placeholder=\"\" id=\"forminator-field-text-1_69d440f9c4626\" class=\"forminator-input forminator-name--field\" data-required=\"1\" \/><\/div><\/div><\/div><div class=\"forminator-row\"><div id=\"select-1\" class=\"forminator-field-select forminator-col forminator-col-12\"><div class=\"forminator-field\"><label for=\"forminator-form-90__field--select-1_69d440f9c4626\" id=\"forminator-form-90__field--select-1_69d440f9c4626-label\" class=\"forminator-label\">\u00bfQu\u00e9 curso te interesa? <span class=\"forminator-required\">*<\/span><\/label><select  id=\"forminator-form-90__field--select-1_69d440f9c4626\" class=\"forminator-select--field forminator-select2 forminator-select2-multiple\" data-required=\"1\" name=\"select-1\" data-default-value=\"Prescolares\" data-hidden-behavior=\"zero\" data-placeholder=\"Please select an option\" data-search=\"false\" data-search-placeholder=\"Please select an option\" data-checkbox=\"false\" data-allow-clear=\"false\" aria-labelledby=\"forminator-form-90__field--select-1_69d440f9c4626-label\"><option value=\"\"  >Please select an option<\/option><option value=\"Prescolares\" selected=\"selected\" data-calculation=\"0\">Prescolares<\/option><option value=\"Ni\u00f1os\"  data-calculation=\"0\">Ni\u00f1os<\/option><option value=\"Adolescentes\"  data-calculation=\"0\">Adolescentes<\/option><option value=\"Adultos\"  data-calculation=\"0\">Adultos<\/option><option value=\"One to One\"  data-calculation=\"0\">One to One<\/option><option value=\"Listening &amp; Speaking\"  data-calculation=\"0\">Listening &amp; Speaking<\/option><option value=\"Club de conversaci\u00f3n\"  data-calculation=\"0\">Club de conversaci\u00f3n<\/option><option value=\"Otro\"  data-calculation=\"0\">Otro<\/option><\/select><\/div><\/div><\/div><div class=\"forminator-row\"><div id=\"select-2\" class=\"forminator-field-select forminator-col forminator-col-12\"><div class=\"forminator-field\"><label for=\"forminator-form-90__field--select-2_69d440f9c4626\" id=\"forminator-form-90__field--select-2_69d440f9c4626-label\" class=\"forminator-label\">Modalidad <span class=\"forminator-required\">*<\/span><\/label><select  id=\"forminator-form-90__field--select-2_69d440f9c4626\" class=\"forminator-select--field forminator-select2 forminator-select2-multiple\" data-required=\"1\" name=\"select-2\" data-default-value=\"Presencial\" data-hidden-behavior=\"zero\" data-placeholder=\"Please select an option\" data-search=\"false\" data-search-placeholder=\"Please select an option\" data-checkbox=\"false\" data-allow-clear=\"false\" aria-labelledby=\"forminator-form-90__field--select-2_69d440f9c4626-label\"><option value=\"\"  >Please select an option<\/option><option value=\"Presencial\" selected=\"selected\" data-calculation=\"0\">Presencial<\/option><option value=\"Virtual\"  data-calculation=\"0\">Virtual<\/option><\/select><\/div><\/div><\/div><div class=\"forminator-row\"><div id=\"textarea-1\" class=\"forminator-field-textarea forminator-col forminator-col-12\"><div class=\"forminator-field\"><label for=\"forminator-field-textarea-1_69d440f9c4626\" id=\"forminator-field-textarea-1_69d440f9c4626-label\" class=\"forminator-label\">Describe tus dudas <span class=\"forminator-required\">*<\/span><\/label><textarea name=\"textarea-1\" placeholder=\"Ejemplo: Quiero hablar en ingl\u00e9s con Jarvis\" id=\"forminator-field-textarea-1_69d440f9c4626\" class=\"forminator-textarea\" rows=\"6\" style=\"min-height:140px;\" ><\/textarea><\/div><\/div><\/div><div class=\"forminator-row\"><div id=\"consent-1\" class=\"forminator-field-consent forminator-col forminator-col-12\"><div class=\"forminator-field\"><label for=\"forminator-field-consent-1_69d440f9c4626\" id=\"forminator-field-consent-1_69d440f9c4626-label\" class=\"forminator-label\">Consentimiento <span class=\"forminator-required\">*<\/span><\/label><div class=\"forminator-checkbox__wrapper\"><label id=\"forminator-field-consent-1_69d440f9c4626__label\" class=\"forminator-checkbox forminator-consent\"><input type=\"checkbox\" name=\"consent-1\" id=\"forminator-field-consent-1_69d440f9c4626\" value=\"checked\" aria-labelledby=\"forminator-field-consent-1_69d440f9c4626-label\" aria-describedby=\"forminator-field-consent-1_69d440f9c4626__description\" data-required=\"true\" aria-required=\"true\" \/><span class=\"forminator-checkbox-box\" aria-hidden=\"true\"><\/span><\/label><div id=\"forminator-field-consent-1_69d440f9c4626__description\" class=\"forminator-checkbox__label forminator-consent__label\"><p>S\u00ed, acepto sus <a href=\"https:\/\/cambridgesol.edu.ec\/es\/politicas-y-privacidad\/\">pol\u00edticas de privacidad<\/a>.<\/p><\/div><\/div><\/div><\/div><\/div><div class=\"forminator-row\"><div id=\"captcha-1\" class=\"forminator-field-captcha forminator-col forminator-col-12\"><div class=\"forminator-captcha-left forminator-g-recaptcha\" data-theme=\"light\"  data-sitekey=\"6Ldm078rAAAAALtD89YCk5KUtZzGdIipdfXwG5VY\" data-size=\"normal\"><\/div> <\/div><\/div><input type=\"hidden\" name=\"referer_url\" value=\"\" \/><div class=\"forminator-row forminator-row-last\"><div class=\"forminator-col\"><div class=\"forminator-field\"><button class=\"forminator-button forminator-button-submit\"><span>Enviar mensaje<\/span><span aria-hidden=\"true\"><\/span><\/button><\/div><\/div><\/div><input type=\"hidden\" id=\"forminator_nonce\" name=\"forminator_nonce\" value=\"b876aed28f\" \/><input type=\"hidden\" name=\"_wp_http_referer\" value=\"\/es\/wp-json\/wp\/v2\/pages\/552\" \/><input type=\"hidden\" name=\"form_id\" value=\"90\"><input type=\"hidden\" name=\"page_id\" value=\"552\"><input type=\"hidden\" name=\"form_type\" value=\"default\"><input type=\"hidden\" name=\"current_url\" value=\"https:\/\/cambridgesol.edu.ec\/es\/extensiones-servicios\/teacher-to-teacher\/\"><input type=\"hidden\" name=\"render_id\" value=\"0\"><input type=\"hidden\" name=\"action\" value=\"forminator_submit_form_custom-forms\"><input type=\"hidden\" name=\"trp-form-language\" value=\"es\"\/><\/form>\n\t\t<\/div>\n\t<\/div>\n<\/div><\/div><\/div><\/div><\/div>\n<\/div>","protected":false},"excerpt":{"rendered":"Inicio Teacher to Teacher 40 horas de formaci\u00f3n certificada Nuestro programa Teacher to Teacher (T2T) ofrece un formato flexible","protected":false},"author":2,"featured_media":0,"parent":500,"menu_order":0,"comment_status":"closed","ping_status":"closed","template":"","meta":{"footnotes":""},"class_list":["post-552","page","type-page","status-publish","hentry"],"yoast_head":"<!-- This site is optimized with the Yoast SEO plugin v27.3 - https:\/\/yoast.com\/product\/yoast-seo-wordpress\/ -->\n<title>Teacher to Teacher - Cambridge<\/title>\n<meta name=\"robots\" content=\"index, follow, max-snippet:-1, max-image-preview:large, max-video-preview:-1\" \/>\n<link rel=\"canonical\" href=\"https:\/\/cambridgesol.edu.ec\/es\/extensiones-servicios\/teacher-to-teacher\/\" \/>\n<meta property=\"og:locale\" content=\"es_MX\" \/>\n<meta property=\"og:type\" content=\"article\" \/>\n<meta property=\"og:title\" content=\"Teacher to Teacher - Cambridge\" \/>\n<meta property=\"og:url\" content=\"https:\/\/cambridgesol.edu.ec\/es\/extensiones-servicios\/teacher-to-teacher\/\" \/>\n<meta property=\"og:site_name\" content=\"Cambridge\" \/>\n<meta property=\"article:publisher\" content=\"https:\/\/www.facebook.com\/cambridgecuador\" \/>\n<meta property=\"article:modified_time\" content=\"2025-09-05T19:51:28+00:00\" \/>\n<meta name=\"twitter:card\" content=\"summary_large_image\" \/>\n<meta name=\"twitter:label1\" content=\"Tiempo de lectura\" \/>\n\t<meta name=\"twitter:data1\" content=\"2 minutos\" \/>\n<script type=\"application\/ld+json\" class=\"yoast-schema-graph\">{\"@context\":\"https:\\\/\\\/schema.org\",\"@graph\":[{\"@type\":\"WebPage\",\"@id\":\"https:\\\/\\\/cambridgesol.edu.ec\\\/extensiones-servicios\\\/teacher-to-teacher\\\/\",\"url\":\"https:\\\/\\\/cambridgesol.edu.ec\\\/extensiones-servicios\\\/teacher-to-teacher\\\/\",\"name\":\"Teacher to Teacher - Cambridge\",\"isPartOf\":{\"@id\":\"https:\\\/\\\/cambridgesol.edu.ec\\\/#website\"},\"datePublished\":\"2025-05-05T23:10:35+00:00\",\"dateModified\":\"2025-09-05T19:51:28+00:00\",\"breadcrumb\":{\"@id\":\"https:\\\/\\\/cambridgesol.edu.ec\\\/extensiones-servicios\\\/teacher-to-teacher\\\/#breadcrumb\"},\"inLanguage\":\"es\",\"potentialAction\":[{\"@type\":\"ReadAction\",\"target\":[\"https:\\\/\\\/cambridgesol.edu.ec\\\/extensiones-servicios\\\/teacher-to-teacher\\\/\"]}]},{\"@type\":\"BreadcrumbList\",\"@id\":\"https:\\\/\\\/cambridgesol.edu.ec\\\/extensiones-servicios\\\/teacher-to-teacher\\\/#breadcrumb\",\"itemListElement\":[{\"@type\":\"ListItem\",\"position\":1,\"name\":\"Home\",\"item\":\"https:\\\/\\\/cambridgesol.edu.ec\\\/\"},{\"@type\":\"ListItem\",\"position\":2,\"name\":\"Certificaciones &#038; Servicios\",\"item\":\"https:\\\/\\\/cambridgesol.edu.ec\\\/extensiones-servicios\\\/\"},{\"@type\":\"ListItem\",\"position\":3,\"name\":\"Teacher to Teacher\"}]},{\"@type\":\"WebSite\",\"@id\":\"https:\\\/\\\/cambridgesol.edu.ec\\\/#website\",\"url\":\"https:\\\/\\\/cambridgesol.edu.ec\\\/\",\"name\":\"Cambridge\",\"description\":\"\",\"publisher\":{\"@id\":\"https:\\\/\\\/cambridgesol.edu.ec\\\/#organization\"},\"potentialAction\":[{\"@type\":\"SearchAction\",\"target\":{\"@type\":\"EntryPoint\",\"urlTemplate\":\"https:\\\/\\\/cambridgesol.edu.ec\\\/?s={search_term_string}\"},\"query-input\":{\"@type\":\"PropertyValueSpecification\",\"valueRequired\":true,\"valueName\":\"search_term_string\"}}],\"inLanguage\":\"es\"},{\"@type\":\"Organization\",\"@id\":\"https:\\\/\\\/cambridgesol.edu.ec\\\/#organization\",\"name\":\"Cambridge\",\"url\":\"https:\\\/\\\/cambridgesol.edu.ec\\\/\",\"logo\":{\"@type\":\"ImageObject\",\"inLanguage\":\"es\",\"@id\":\"https:\\\/\\\/cambridgesol.edu.ec\\\/#\\\/schema\\\/logo\\\/image\\\/\",\"url\":\"https:\\\/\\\/cambridgesol.edu.ec\\\/wp-content\\\/uploads\\\/2025\\\/04\\\/cropped-iso-cambridge.png\",\"contentUrl\":\"https:\\\/\\\/cambridgesol.edu.ec\\\/wp-content\\\/uploads\\\/2025\\\/04\\\/cropped-iso-cambridge.png\",\"width\":512,\"height\":512,\"caption\":\"Cambridge\"},\"image\":{\"@id\":\"https:\\\/\\\/cambridgesol.edu.ec\\\/#\\\/schema\\\/logo\\\/image\\\/\"},\"sameAs\":[\"https:\\\/\\\/www.facebook.com\\\/cambridgecuador\",\"https:\\\/\\\/www.instagram.com\\\/cambridgecuador\\\/\",\"https:\\\/\\\/www.youtube.com\\\/channel\\\/UCZLnzBGOSxtSK7ZPksEcrqQ\\\/featured?view_as=public\",\"https:\\\/\\\/www.tiktok.com\\\/@cambridgecuador\"]}]}<\/script>\n<!-- \/ Yoast SEO plugin. -->","yoast_head_json":{"title":"Teacher to Teacher - Cambridge","robots":{"index":"index","follow":"follow","max-snippet":"max-snippet:-1","max-image-preview":"max-image-preview:large","max-video-preview":"max-video-preview:-1"},"canonical":"https:\/\/cambridgesol.edu.ec\/es\/extensiones-servicios\/teacher-to-teacher\/","og_locale":"es_MX","og_type":"article","og_title":"Teacher to Teacher - Cambridge","og_url":"https:\/\/cambridgesol.edu.ec\/es\/extensiones-servicios\/teacher-to-teacher\/","og_site_name":"Cambridge","article_publisher":"https:\/\/www.facebook.com\/cambridgecuador","article_modified_time":"2025-09-05T19:51:28+00:00","twitter_card":"summary_large_image","twitter_misc":{"Tiempo de lectura":"2 minutos"},"schema":{"@context":"https:\/\/schema.org","@graph":[{"@type":"WebPage","@id":"https:\/\/cambridgesol.edu.ec\/extensiones-servicios\/teacher-to-teacher\/","url":"https:\/\/cambridgesol.edu.ec\/extensiones-servicios\/teacher-to-teacher\/","name":"Teacher to Teacher - Cambridge","isPartOf":{"@id":"https:\/\/cambridgesol.edu.ec\/#website"},"datePublished":"2025-05-05T23:10:35+00:00","dateModified":"2025-09-05T19:51:28+00:00","breadcrumb":{"@id":"https:\/\/cambridgesol.edu.ec\/extensiones-servicios\/teacher-to-teacher\/#breadcrumb"},"inLanguage":"es","potentialAction":[{"@type":"ReadAction","target":["https:\/\/cambridgesol.edu.ec\/extensiones-servicios\/teacher-to-teacher\/"]}]},{"@type":"BreadcrumbList","@id":"https:\/\/cambridgesol.edu.ec\/extensiones-servicios\/teacher-to-teacher\/#breadcrumb","itemListElement":[{"@type":"ListItem","position":1,"name":"Home","item":"https:\/\/cambridgesol.edu.ec\/"},{"@type":"ListItem","position":2,"name":"Certificaciones &#038; Servicios","item":"https:\/\/cambridgesol.edu.ec\/extensiones-servicios\/"},{"@type":"ListItem","position":3,"name":"Teacher to Teacher"}]},{"@type":"WebSite","@id":"https:\/\/cambridgesol.edu.ec\/#website","url":"https:\/\/cambridgesol.edu.ec\/","name":"Cambridge","description":"","publisher":{"@id":"https:\/\/cambridgesol.edu.ec\/#organization"},"potentialAction":[{"@type":"SearchAction","target":{"@type":"EntryPoint","urlTemplate":"https:\/\/cambridgesol.edu.ec\/?s={search_term_string}"},"query-input":{"@type":"PropertyValueSpecification","valueRequired":true,"valueName":"search_term_string"}}],"inLanguage":"es"},{"@type":"Organization","@id":"https:\/\/cambridgesol.edu.ec\/#organization","name":"Cambridge","url":"https:\/\/cambridgesol.edu.ec\/","logo":{"@type":"ImageObject","inLanguage":"es","@id":"https:\/\/cambridgesol.edu.ec\/#\/schema\/logo\/image\/","url":"https:\/\/cambridgesol.edu.ec\/wp-content\/uploads\/2025\/04\/cropped-iso-cambridge.png","contentUrl":"https:\/\/cambridgesol.edu.ec\/wp-content\/uploads\/2025\/04\/cropped-iso-cambridge.png","width":512,"height":512,"caption":"Cambridge"},"image":{"@id":"https:\/\/cambridgesol.edu.ec\/#\/schema\/logo\/image\/"},"sameAs":["https:\/\/www.facebook.com\/cambridgecuador","https:\/\/www.instagram.com\/cambridgecuador\/","https:\/\/www.youtube.com\/channel\/UCZLnzBGOSxtSK7ZPksEcrqQ\/featured?view_as=public","https:\/\/www.tiktok.com\/@cambridgecuador"]}]}},"_links":{"self":[{"href":"https:\/\/cambridgesol.edu.ec\/es\/wp-json\/wp\/v2\/pages\/552","targetHints":{"allow":["GET"]}}],"collection":[{"href":"https:\/\/cambridgesol.edu.ec\/es\/wp-json\/wp\/v2\/pages"}],"about":[{"href":"https:\/\/cambridgesol.edu.ec\/es\/wp-json\/wp\/v2\/types\/page"}],"author":[{"embeddable":true,"href":"https:\/\/cambridgesol.edu.ec\/es\/wp-json\/wp\/v2\/users\/2"}],"replies":[{"embeddable":true,"href":"https:\/\/cambridgesol.edu.ec\/es\/wp-json\/wp\/v2\/comments?post=552"}],"version-history":[{"count":7,"href":"https:\/\/cambridgesol.edu.ec\/es\/wp-json\/wp\/v2\/pages\/552\/revisions"}],"predecessor-version":[{"id":1073,"href":"https:\/\/cambridgesol.edu.ec\/es\/wp-json\/wp\/v2\/pages\/552\/revisions\/1073"}],"up":[{"embeddable":true,"href":"https:\/\/cambridgesol.edu.ec\/es\/wp-json\/wp\/v2\/pages\/500"}],"wp:attachment":[{"href":"https:\/\/cambridgesol.edu.ec\/es\/wp-json\/wp\/v2\/media?parent=552"}],"curies":[{"name":"wp","href":"https:\/\/api.w.org\/{rel}","templated":true}]}}