{"id":37,"date":"2025-04-16T02:27:58","date_gmt":"2025-04-16T02:27:58","guid":{"rendered":"https:\/\/cambridgesol.edu.ec\/?page_id=37"},"modified":"2025-05-25T22:52:29","modified_gmt":"2025-05-25T22:52:29","slug":"reponsabilidad-social","status":"publish","type":"page","link":"https:\/\/cambridgesol.edu.ec\/es\/reponsabilidad-social\/","title":{"rendered":"Responsabilidad Social"},"content":{"rendered":"<div class=\"wpb-content-wrapper\"><div class=\"vc_row wpb_row vc_row-fluid vc_custom_1748213532303 vc_row-has-fill wd-bg-center-top wd-rs-68339f1350126 wd-section-stretch-content-no-pd\"><div class=\"wpb_column vc_column_container vc_col-sm-6\"><div class=\"vc_column-inner\"><div class=\"wpb_wrapper\">\t\t<div class=\"wd-el-breadcrumbs wd-wpb wd-rs-681270511eba5 text-left\">\n\t\t\t<nav class=\"wd-breadcrumbs woocommerce-breadcrumb\" aria-label=\"Breadcrumb\">\t\t\t\t<span class=\"wd-last\">\n\t\t\t\t\tInicio\t\t\t\t<\/span>\n\t\t\t<\/nav>\t\t<\/div>\n\t\t\n\t\t<div id=\"wd-68339f1e23b0c\" class=\"title-wrapper wd-wpb wd-set-mb reset-last-child  wd-rs-68339f1e23b0c wd-title-color-default wd-title-style-default text-left  wd-underline-colored\">\n\t\t\t\n\t\t\t<div class=\"liner-continer\">\n\t\t\t\t<h4 class=\"woodmart-title-container title  wd-font-weight- wd-fontsize-xxxl\" >Queremos cambiar positivamente el mundo<\/h4>\n\t\t\t\t\t\t\t<\/div>\n\t\t\t\n\t\t\t\n\t\t\t\n\t\t<\/div>\n\t\t\n\t\t<\/div><\/div><\/div><div class=\"wpb_column vc_column_container vc_col-sm-6\"><div class=\"vc_column-inner\"><div class=\"wpb_wrapper\"><\/div><\/div><\/div><\/div><div id=\"respon\" class=\"vc_row wpb_row vc_row-fluid vc_custom_1746550685632 vc_row-o-equal-height vc_row-o-content-middle vc_row-flex wd-rs-681a3f990b2d1\"><div class=\"wpb_column vc_column_container vc_col-sm-12\"><div class=\"vc_column-inner\"><div class=\"wpb_wrapper\">\n\t\t<div id=\"wd-68339f2591491\" class=\"title-wrapper wd-wpb wd-set-mb reset-last-child  wd-rs-68339f2591491 wd-title-color-default wd-title-style-default text-center  wd-underline-colored\">\n\t\t\t\n\t\t\t<div class=\"liner-continer\">\n\t\t\t\t<h4 class=\"woodmart-title-container title  wd-font-weight-700 wd-fontsize-xxxl\" >Responsabilidad Social<\/h4>\n\t\t\t\t\t\t\t<\/div>\n\t\t\t\n\t\t\t\n\t\t\t\n\t\t<\/div>\n\t\t\n\t\t<div class=\"vc_row wpb_row vc_inner vc_row-fluid\"><div class=\"wpb_column vc_column_container vc_col-sm-6\"><div class=\"vc_column-inner\"><div class=\"wpb_wrapper\">\t\t<div id=\"wd-681a3f681a4eb\" class=\"wd-text-block wd-wpb reset-last-child wd-rs-681a3f681a4eb text-left\">\n\t\t\t<p align=\"justify\">En Cambridge School of Languages asumimos con responsabilidad social el reto de contribuir al progreso educativo del Ecuador, promoviendo el aprendizaje del ingl\u00e9s como una herramienta clave para la equidad, la inclusi\u00f3n y las oportunidades globales.<\/p>\n<p align=\"justify\">Creemos que el dominio del idioma ingl\u00e9s no solo fortalece las competencias profesionales y acad\u00e9micas de los individuos, sino que tambi\u00e9n abre puertas al di\u00e1logo intercultural, a la innovaci\u00f3n y al crecimiento del pa\u00eds.<\/p>\n\t\t<\/div>\n\t\t<\/div><\/div><\/div><div class=\"wpb_column vc_column_container vc_col-sm-6\"><div class=\"vc_column-inner\"><div class=\"wpb_wrapper\">\t\t<div id=\"wd-681270ca634c3\" class=\"wd-text-block wd-wpb reset-last-child wd-rs-681270ca634c3 text-left\">\n\t\t\t<p align=\"justify\">Por ello, trabajamos activamente en programas de formaci\u00f3n docente, alianzas con instituciones educativas y proyectos comunitarios que permitan el acceso a una educaci\u00f3n de calidad en ingl\u00e9s, especialmente en poblaciones con menos oportunidades.<\/p>\n<p align=\"justify\">Nuestra misi\u00f3n es democratizar el aprendizaje del idioma, empoderando a ni\u00f1os, j\u00f3venes y adultos a trav\u00e9s de una formaci\u00f3n ling\u00fc\u00edstica que transforme sus vidas y contribuya al desarrollo sostenible del Ecuador.<\/p>\n\t\t<\/div>\n\t\t<\/div><\/div><\/div><\/div><\/div><\/div><\/div><\/div><div class=\"vc_row wpb_row vc_row-fluid vc_custom_1746039366870 wd-rs-6812723f620ed wd-section-stretch-content-no-pd\"><div class=\"wpb_column vc_column_container vc_col-sm-12\"><div class=\"vc_column-inner\"><div class=\"wpb_wrapper\">\t\t<div id=\"gallery_588\" class=\"wd-images-gallery wd-wpb wd-rs-681292a0ae447 wd-carousel-container wd-wpb\" style=\"--wd-justify-content:center;--wd-align-items:center;\">\n\t\t\t\t\t\t\t<div class=\"wd-carousel-inner\">\n\t\t\t\n\t\t\t<div class=\"wd-carousel wd-grid\"data-scroll_per_page=\"yes\" style=\"--wd-col-lg:3;--wd-col-md:3;--wd-col-sm:1.5;--wd-gap-lg:0px;\">\n\t\t\t\t\t\t\t\t\t<div class=\"wd-carousel-wrap\">\n\t\t\t\t\n\t\t\t\t\t\t\t\t\t\t\t\t\t\t\t<div class=\"wd-gallery-item wd-carousel-item\">\n\t\t\t\t\t\t\t\n\t\t\t\t\t\t\t\t<img loading=\"lazy\" decoding=\"async\" width=\"1000\" height=\"600\" src=\"https:\/\/cambridgesol.edu.ec\/wp-content\/uploads\/2025\/04\/confident-young-hispanic-business-woman-speaking-t-2025-04-06-08-09-12-utc-scaled-1000x600.jpg\" class=\"wd-gallery-image image-1\" alt=\"\" \/>\n\t\t\t\t\t\t\t\t\t\t\t\t\t\t<\/div>\n\t\t\t\t\t\t\t\t\t\t\t<div class=\"wd-gallery-item wd-carousel-item\">\n\t\t\t\t\t\t\t\n\t\t\t\t\t\t\t\t<img loading=\"lazy\" decoding=\"async\" width=\"1000\" height=\"600\" src=\"https:\/\/cambridgesol.edu.ec\/wp-content\/uploads\/2025\/04\/1-scaled-1000x600.jpg\" class=\"wd-gallery-image image-2\" alt=\"\" \/>\n\t\t\t\t\t\t\t\t\t\t\t\t\t\t<\/div>\n\t\t\t\t\t\t\t\t\t\t\t<div class=\"wd-gallery-item wd-carousel-item\">\n\t\t\t\t\t\t\t\n\t\t\t\t\t\t\t\t<img loading=\"lazy\" decoding=\"async\" width=\"1000\" height=\"600\" src=\"https:\/\/cambridgesol.edu.ec\/wp-content\/uploads\/2025\/04\/child-face-and-laughing-in-school-classroom-or-ed-2025-04-06-11-27-52-utc-scaled-1000x600.jpg\" class=\"wd-gallery-image image-3\" alt=\"\" \/>\n\t\t\t\t\t\t\t\t\t\t\t\t\t\t<\/div>\n\t\t\t\t\t\t\t\t\t\t\t<div class=\"wd-gallery-item wd-carousel-item\">\n\t\t\t\t\t\t\t\n\t\t\t\t\t\t\t\t<img loading=\"lazy\" decoding=\"async\" width=\"1000\" height=\"600\" src=\"https:\/\/cambridgesol.edu.ec\/wp-content\/uploads\/2025\/04\/learn-as-if-youll-live-forever-2025-04-06-10-37-29-utc-scaled-1000x600.jpg\" class=\"wd-gallery-image image-4\" alt=\"\" \/>\n\t\t\t\t\t\t\t\t\t\t\t\t\t\t<\/div>\n\t\t\t\t\t\t\t\t\t\n\t\t\t\t\t\t\t\t\t<\/div>\n\t\t\t\t\t\t\t<\/div>\n\n\t\t\t\t\t\t\t\n\t\t\t\t<\/div>\n\n\t\t\t\t\t\t\t\t\t\t\t\t\t<\/div>\n\t\t<\/div><\/div><\/div><\/div>\n<\/div>","protected":false},"excerpt":{"rendered":"Inicio Queremos cambiar positivamente el mundo Responsabilidad Social En Cambridge School of Languages asumimos con responsabilidad social el reto","protected":false},"author":2,"featured_media":0,"parent":0,"menu_order":0,"comment_status":"closed","ping_status":"closed","template":"","meta":{"footnotes":""},"class_list":["post-37","page","type-page","status-publish","hentry"],"yoast_head":"<!-- This site is optimized with the Yoast SEO plugin v27.3 - https:\/\/yoast.com\/product\/yoast-seo-wordpress\/ -->\n<title>Responsabilidad Social - Cambridge<\/title>\n<meta name=\"robots\" content=\"index, follow, max-snippet:-1, max-image-preview:large, max-video-preview:-1\" \/>\n<link rel=\"canonical\" href=\"https:\/\/cambridgesol.edu.ec\/es\/reponsabilidad-social\/\" \/>\n<meta property=\"og:locale\" content=\"es_MX\" \/>\n<meta property=\"og:type\" content=\"article\" \/>\n<meta property=\"og:title\" content=\"Responsabilidad Social - Cambridge\" \/>\n<meta property=\"og:url\" content=\"https:\/\/cambridgesol.edu.ec\/es\/reponsabilidad-social\/\" \/>\n<meta property=\"og:site_name\" content=\"Cambridge\" \/>\n<meta property=\"article:publisher\" content=\"https:\/\/www.facebook.com\/cambridgecuador\" \/>\n<meta property=\"article:modified_time\" content=\"2025-05-25T22:52:29+00:00\" \/>\n<meta name=\"twitter:card\" content=\"summary_large_image\" \/>\n<meta name=\"twitter:label1\" content=\"Tiempo de lectura\" \/>\n\t<meta name=\"twitter:data1\" content=\"5 minutos\" \/>\n<script type=\"application\/ld+json\" class=\"yoast-schema-graph\">{\"@context\":\"https:\\\/\\\/schema.org\",\"@graph\":[{\"@type\":\"WebPage\",\"@id\":\"https:\\\/\\\/cambridgesol.edu.ec\\\/reponsabilidad-social\\\/\",\"url\":\"https:\\\/\\\/cambridgesol.edu.ec\\\/reponsabilidad-social\\\/\",\"name\":\"Responsabilidad Social - Cambridge\",\"isPartOf\":{\"@id\":\"https:\\\/\\\/cambridgesol.edu.ec\\\/#website\"},\"datePublished\":\"2025-04-16T02:27:58+00:00\",\"dateModified\":\"2025-05-25T22:52:29+00:00\",\"breadcrumb\":{\"@id\":\"https:\\\/\\\/cambridgesol.edu.ec\\\/reponsabilidad-social\\\/#breadcrumb\"},\"inLanguage\":\"es\",\"potentialAction\":[{\"@type\":\"ReadAction\",\"target\":[\"https:\\\/\\\/cambridgesol.edu.ec\\\/reponsabilidad-social\\\/\"]}]},{\"@type\":\"BreadcrumbList\",\"@id\":\"https:\\\/\\\/cambridgesol.edu.ec\\\/reponsabilidad-social\\\/#breadcrumb\",\"itemListElement\":[{\"@type\":\"ListItem\",\"position\":1,\"name\":\"Home\",\"item\":\"https:\\\/\\\/cambridgesol.edu.ec\\\/\"},{\"@type\":\"ListItem\",\"position\":2,\"name\":\"Responsabilidad Social\"}]},{\"@type\":\"WebSite\",\"@id\":\"https:\\\/\\\/cambridgesol.edu.ec\\\/#website\",\"url\":\"https:\\\/\\\/cambridgesol.edu.ec\\\/\",\"name\":\"Cambridge\",\"description\":\"\",\"publisher\":{\"@id\":\"https:\\\/\\\/cambridgesol.edu.ec\\\/#organization\"},\"potentialAction\":[{\"@type\":\"SearchAction\",\"target\":{\"@type\":\"EntryPoint\",\"urlTemplate\":\"https:\\\/\\\/cambridgesol.edu.ec\\\/?s={search_term_string}\"},\"query-input\":{\"@type\":\"PropertyValueSpecification\",\"valueRequired\":true,\"valueName\":\"search_term_string\"}}],\"inLanguage\":\"es\"},{\"@type\":\"Organization\",\"@id\":\"https:\\\/\\\/cambridgesol.edu.ec\\\/#organization\",\"name\":\"Cambridge\",\"url\":\"https:\\\/\\\/cambridgesol.edu.ec\\\/\",\"logo\":{\"@type\":\"ImageObject\",\"inLanguage\":\"es\",\"@id\":\"https:\\\/\\\/cambridgesol.edu.ec\\\/#\\\/schema\\\/logo\\\/image\\\/\",\"url\":\"https:\\\/\\\/cambridgesol.edu.ec\\\/wp-content\\\/uploads\\\/2025\\\/04\\\/cropped-iso-cambridge.png\",\"contentUrl\":\"https:\\\/\\\/cambridgesol.edu.ec\\\/wp-content\\\/uploads\\\/2025\\\/04\\\/cropped-iso-cambridge.png\",\"width\":512,\"height\":512,\"caption\":\"Cambridge\"},\"image\":{\"@id\":\"https:\\\/\\\/cambridgesol.edu.ec\\\/#\\\/schema\\\/logo\\\/image\\\/\"},\"sameAs\":[\"https:\\\/\\\/www.facebook.com\\\/cambridgecuador\",\"https:\\\/\\\/www.instagram.com\\\/cambridgecuador\\\/\",\"https:\\\/\\\/www.youtube.com\\\/channel\\\/UCZLnzBGOSxtSK7ZPksEcrqQ\\\/featured?view_as=public\",\"https:\\\/\\\/www.tiktok.com\\\/@cambridgecuador\"]}]}<\/script>\n<!-- \/ Yoast SEO plugin. -->","yoast_head_json":{"title":"Responsabilidad Social - Cambridge","robots":{"index":"index","follow":"follow","max-snippet":"max-snippet:-1","max-image-preview":"max-image-preview:large","max-video-preview":"max-video-preview:-1"},"canonical":"https:\/\/cambridgesol.edu.ec\/es\/reponsabilidad-social\/","og_locale":"es_MX","og_type":"article","og_title":"Responsabilidad Social - Cambridge","og_url":"https:\/\/cambridgesol.edu.ec\/es\/reponsabilidad-social\/","og_site_name":"Cambridge","article_publisher":"https:\/\/www.facebook.com\/cambridgecuador","article_modified_time":"2025-05-25T22:52:29+00:00","twitter_card":"summary_large_image","twitter_misc":{"Tiempo de lectura":"5 minutos"},"schema":{"@context":"https:\/\/schema.org","@graph":[{"@type":"WebPage","@id":"https:\/\/cambridgesol.edu.ec\/reponsabilidad-social\/","url":"https:\/\/cambridgesol.edu.ec\/reponsabilidad-social\/","name":"Responsabilidad Social - Cambridge","isPartOf":{"@id":"https:\/\/cambridgesol.edu.ec\/#website"},"datePublished":"2025-04-16T02:27:58+00:00","dateModified":"2025-05-25T22:52:29+00:00","breadcrumb":{"@id":"https:\/\/cambridgesol.edu.ec\/reponsabilidad-social\/#breadcrumb"},"inLanguage":"es","potentialAction":[{"@type":"ReadAction","target":["https:\/\/cambridgesol.edu.ec\/reponsabilidad-social\/"]}]},{"@type":"BreadcrumbList","@id":"https:\/\/cambridgesol.edu.ec\/reponsabilidad-social\/#breadcrumb","itemListElement":[{"@type":"ListItem","position":1,"name":"Home","item":"https:\/\/cambridgesol.edu.ec\/"},{"@type":"ListItem","position":2,"name":"Responsabilidad Social"}]},{"@type":"WebSite","@id":"https:\/\/cambridgesol.edu.ec\/#website","url":"https:\/\/cambridgesol.edu.ec\/","name":"Cambridge","description":"","publisher":{"@id":"https:\/\/cambridgesol.edu.ec\/#organization"},"potentialAction":[{"@type":"SearchAction","target":{"@type":"EntryPoint","urlTemplate":"https:\/\/cambridgesol.edu.ec\/?s={search_term_string}"},"query-input":{"@type":"PropertyValueSpecification","valueRequired":true,"valueName":"search_term_string"}}],"inLanguage":"es"},{"@type":"Organization","@id":"https:\/\/cambridgesol.edu.ec\/#organization","name":"Cambridge","url":"https:\/\/cambridgesol.edu.ec\/","logo":{"@type":"ImageObject","inLanguage":"es","@id":"https:\/\/cambridgesol.edu.ec\/#\/schema\/logo\/image\/","url":"https:\/\/cambridgesol.edu.ec\/wp-content\/uploads\/2025\/04\/cropped-iso-cambridge.png","contentUrl":"https:\/\/cambridgesol.edu.ec\/wp-content\/uploads\/2025\/04\/cropped-iso-cambridge.png","width":512,"height":512,"caption":"Cambridge"},"image":{"@id":"https:\/\/cambridgesol.edu.ec\/#\/schema\/logo\/image\/"},"sameAs":["https:\/\/www.facebook.com\/cambridgecuador","https:\/\/www.instagram.com\/cambridgecuador\/","https:\/\/www.youtube.com\/channel\/UCZLnzBGOSxtSK7ZPksEcrqQ\/featured?view_as=public","https:\/\/www.tiktok.com\/@cambridgecuador"]}]}},"_links":{"self":[{"href":"https:\/\/cambridgesol.edu.ec\/es\/wp-json\/wp\/v2\/pages\/37","targetHints":{"allow":["GET"]}}],"collection":[{"href":"https:\/\/cambridgesol.edu.ec\/es\/wp-json\/wp\/v2\/pages"}],"about":[{"href":"https:\/\/cambridgesol.edu.ec\/es\/wp-json\/wp\/v2\/types\/page"}],"author":[{"embeddable":true,"href":"https:\/\/cambridgesol.edu.ec\/es\/wp-json\/wp\/v2\/users\/2"}],"replies":[{"embeddable":true,"href":"https:\/\/cambridgesol.edu.ec\/es\/wp-json\/wp\/v2\/comments?post=37"}],"version-history":[{"count":8,"href":"https:\/\/cambridgesol.edu.ec\/es\/wp-json\/wp\/v2\/pages\/37\/revisions"}],"predecessor-version":[{"id":939,"href":"https:\/\/cambridgesol.edu.ec\/es\/wp-json\/wp\/v2\/pages\/37\/revisions\/939"}],"wp:attachment":[{"href":"https:\/\/cambridgesol.edu.ec\/es\/wp-json\/wp\/v2\/media?parent=37"}],"curies":[{"name":"wp","href":"https:\/\/api.w.org\/{rel}","templated":true}]}}