{"id":367,"date":"2025-04-30T18:58:12","date_gmt":"2025-04-30T18:58:12","guid":{"rendered":"https:\/\/cambridgesol.edu.ec\/?page_id=367"},"modified":"2025-05-25T22:51:08","modified_gmt":"2025-05-25T22:51:08","slug":"somos-cambridge","status":"publish","type":"page","link":"https:\/\/cambridgesol.edu.ec\/es\/somos-cambridge\/","title":{"rendered":"Somos Cambridge"},"content":{"rendered":"<div class=\"wpb-content-wrapper\"><div class=\"vc_row wpb_row vc_row-fluid vc_custom_1746046168805 vc_row-has-fill vc_row-o-equal-height vc_row-o-content-middle vc_row-flex wd-rs-68128cd439c54 wd-section-stretch-content\"><div class=\"wpb_column vc_column_container vc_col-sm-6 vc_col-has-fill wd-bg-center-center wd-rs-68127debdeca6\"><div class=\"vc_column-inner vc_custom_1746042357704\"><div class=\"wpb_wrapper\"><div class=\"vc_empty_space hidden-lg\"   style=\"height: 300px\"><span class=\"vc_empty_space_inner\"><\/span><\/div><\/div><\/div><\/div><div class=\"wpb_column vc_column_container vc_col-sm-6 vc_col-has-fill wd-rs-681292180573c\"><div class=\"vc_column-inner vc_custom_1746047517566\"><div class=\"wpb_wrapper\">\t\t<div id=\"wd-68127f56e12fd\" class=\"wd-image wd-wpb wd-rs-68127f56e12fd text-left\">\n\t\t\t\n\t\t\t<img loading=\"lazy\" decoding=\"async\" width=\"300\" height=\"58\" src=\"https:\/\/cambridgesol.edu.ec\/wp-content\/uploads\/2025\/04\/logo-color-300x58.png\" class=\"attachment-medium size-medium\" alt=\"\" srcset=\"https:\/\/cambridgesol.edu.ec\/wp-content\/uploads\/2025\/04\/logo-color-300x58.png 300w, https:\/\/cambridgesol.edu.ec\/wp-content\/uploads\/2025\/04\/logo-color-150x29.png 150w, https:\/\/cambridgesol.edu.ec\/wp-content\/uploads\/2025\/04\/logo-color.png 390w\" sizes=\"auto, (max-width: 300px) 100vw, 300px\" \/>\n\t\t\t\t\t<\/div>\n\t\t\t\t<div id=\"wd-681a3ef78f6d1\" class=\"wd-text-block wd-wpb reset-last-child wd-rs-681a3ef78f6d1 text-left\">\n\t\t\t<p align=\"justify\">Fundada hace 30 a\u00f1os y ubicada en Ecuador, Cambridge School of Languages es un centro de excelencia dedicado a la ense\u00f1anza del ingl\u00e9s como idioma internacional. A lo largo de m\u00e1s de 30 a\u00f1os, hemos construido una s\u00f3lida comunidad acad\u00e9mica con sedes en Quito, Cuenca, Valle de los Chillos y Ambato, brindando soluciones ling\u00fc\u00edsticas a miles de estudiantes en el pa\u00eds y el mundo.<\/p>\n<p align=\"justify\">Ofrecemos clases individuales y grupales para todos los niveles, desde principiante hasta avanzado, tanto en modalidad presencial, on-line y virtual con profesores en vivo. Nuestro equipo docente est\u00e1 conformado por profesionales nacionales e internacionales, altamente calificados y certificados en la ense\u00f1anza de idiomas.<\/p>\n\t\t<\/div>\n\t\t<\/div><\/div><\/div><\/div><div class=\"vc_row wpb_row vc_row-fluid vc_custom_1747078130308 vc_row-has-fill vc_row-o-full-height vc_row-o-columns-middle vc_row-o-equal-height vc_row-o-content-middle vc_row-flex wd-rs-68224befc8fb0 wd-section-stretch-content\"><div class=\"wpb_column vc_column_container vc_col-sm-6\"><div class=\"vc_column-inner\"><div class=\"wpb_wrapper\">\t\t<div id=\"wd-68127ecb9d0e9\" class=\"wd-text-block wd-wpb reset-last-child wd-rs-68127ecb9d0e9 text-left color-scheme-light\">\n\t\t\t<p align=\"justify\">Somos <strong>Centro Preparador Autorizado de Cambridge English<\/strong>, y nuestros programas de ingl\u00e9s siguen los niveles del <strong>Marco Com\u00fan Europeo de Referencia para las Lenguas (MCER).<\/strong> Adem\u00e1s, contamos con cursos especializados para la preparaci\u00f3n de ex\u00e1menes oficiales Cambridge. Adem\u00e1s de ser el \u00fanico instituto en el pa\u00eds reconocido como Platinum English Educational Partner por la Universidad de Cambridge, lo que nos posiciona como referentes en excelencia acad\u00e9mica del idioma.<\/p>\n<p align=\"justify\">Nuestra experiencia, innovaci\u00f3n constante y variedad de servicios \u2014cursos, programas de intercambio, formaci\u00f3n para empresas, apoyo a instituciones educativas, entre otros\u2014 nos consolidan como l\u00edderes en el mercado educativo ecuatoriano. Pero m\u00e1s all\u00e1 de los reconocimientos, nuestro mayor orgullo es que nuestros estudiantes nos recomiendan a nivel nacional e internacional por vivir con nosotros una experiencia de inmersi\u00f3n real en el idioma, que potencia su desarrollo personal, educativo y profesional.<\/p>\n\t\t<\/div>\n\t\t<div id=\"wd-68224be409554\" class=\"wd-rs-68224be409554 vc_custom_1747078119183 wd-button-wrapper text-left\"><a href=\"https:\/\/cambridgesol.edu.ec\/es\/contacto\/\" title=\"Contacto\" class=\"btn btn-color-white btn-style-default btn-shape-round btn-size-large btn-icon-pos-left\">CONT\u00c1CTANOS<span class=\"wd-btn-icon\"><span class=\"wd-icon fa fa-solid fa-handshake-simple\"><\/span><\/span><\/a><\/div><\/div><\/div><\/div><div class=\"wpb_column vc_column_container vc_col-sm-6\"><div class=\"vc_column-inner\"><div class=\"wpb_wrapper\">\t\t<div class=\"wd-el-video wd-wpb wd-rs-68128002b83c2 wd-action-overlay wd-video-youtube wd-with-aspect-ratio wd-lightbox\">\n\t\t\t\n\t\t\t\n\t\t\t\n\t\t\t\t\t\t\t<div class=\"wd-el-video-overlay wd-fill\">\n\t\t\t\t\t<img loading=\"lazy\" decoding=\"async\" width=\"1920\" height=\"1080\" src=\"https:\/\/cambridgesol.edu.ec\/wp-content\/uploads\/2025\/04\/2-scaled-1920x1080.jpg\" class=\"attachment-1920x1080 size-1920x1080\" alt=\"\" \/>\t\t\t\t<\/div>\n\t\t\t\t<div class=\"wd-el-video-control color-scheme-light wd-fill\">\n\t\t\t\t\t<span class=\"wd-el-video-play-btn\"><\/span>\n\t\t\t\t\t\t\t\t\t<\/div>\n\n\t\t\t\t<a class=\"wd-el-video-link wd-el-video-btn-overlay wd-fill wd-el-video-lightbox\" href=\"http:\/\/www.youtube.com\/watch?v=LwI_HI9nd4U\"><\/a>\n\t\t\t\t\t<\/div>\n\t\t<\/div><\/div><\/div><\/div><div class=\"vc_row wpb_row vc_row-fluid vc_custom_1747078112292 wd-rs-68224bdb6def1\"><div class=\"wpb_column vc_column_container vc_col-sm-12\"><div class=\"vc_column-inner\"><div class=\"wpb_wrapper\"><style data-type=\"vc_shortcodes-custom-css\">.vc_custom_1747866444126{margin-bottom: -40px !important;padding-top: 5% !important;padding-right: 5% !important;padding-bottom: 5% !important;padding-left: 5% !important;background: #FFFFFF url(https:\/\/cambridgesol.edu.ec\/wp-content\/uploads\/2025\/05\/female-leader-working-on-a-digital-tablet-with-pla-2025-04-06-07-49-56-utc-1-scaled.jpg?id=728) !important;background-position: center !important;background-repeat: no-repeat !important;background-size: cover !important;}.vc_custom_1747070797645{padding-top: 10% !important;padding-right: 5% !important;padding-bottom: 10% !important;padding-left: 5% !important;background-color: #FFFFFFE0 !important;border-radius: 30px !important;}@media (max-width: 767px) {#wd-682e534db5836 .woodmart-title-container{line-height:40px;font-size:30px;}}<\/style><div class=\"wpb-content-wrapper\"><div class=\"vc_row wpb_row vc_row-fluid vc_custom_1747866444126 vc_row-has-fill vc_row-o-full-height vc_row-o-columns-middle vc_row-o-equal-height vc_row-o-content-middle vc_row-flex wd-bg-right-center wd-rs-682e5319c66b8 wd-section-stretch-content\"><div class=\"wpb_column vc_column_container vc_col-sm-6 vc_col-has-fill wd-rs-68222f481e512\"><div class=\"vc_column-inner vc_custom_1747070797645\"><div class=\"wpb_wrapper\">\n\t\t<div id=\"wd-682e534db5836\" class=\"title-wrapper wd-wpb wd-set-mb reset-last-child  wd-rs-682e534db5836 wd-title-color-alt wd-title-style-simple text-center  wd-underline-colored\">\n\t\t\t\n\t\t\t<div class=\"liner-continer\">\n\t\t\t\t<h4 class=\"woodmart-title-container title  wd-font-weight-800 wd-fontsize-xxxl\" >Test online<\/h4>\n\t\t\t\t\t\t\t<\/div>\n\t\t\t\n\t\t\t\n\t\t\t\n\t\t<\/div>\n\t\t\n\t\t\t\t<div id=\"wd-68222f00b7da6\" class=\"wd-text-block wd-wpb reset-last-child wd-rs-68222f00b7da6 text-center\">\n\t\t\t<p style=\"text-align: center;\" align=\"justify\">Pon a prueba tus conocimientos<\/p>\n\t\t<\/div>\n\t\t<div id=\"wd-68bb2d588042f\" class=\"wd-rs-68bb2d588042f  wd-button-wrapper text-center\"><a href=\"https:\/\/cambridgesol.edu.ec\/es\/test-online-cambridge\/\" title=\"\" target=\"_blank\" class=\"btn btn-color-alt btn-style-default btn-shape-round btn-size-large btn-icon-pos-left\">Tomar Test Gratis<span class=\"wd-btn-icon\"><span class=\"wd-icon fa fa-solid fa-computer\"><\/span><\/span><\/a><\/div><\/div><\/div><\/div><div class=\"wpb_column vc_column_container vc_col-sm-6\"><div class=\"vc_column-inner\"><div class=\"wpb_wrapper\"><\/div><\/div><\/div><\/div><\/div><\/div><\/div><\/div><\/div>\n<\/div>","protected":false},"excerpt":{"rendered":"Fundada hace 30 a\u00f1os y ubicada en Ecuador, Cambridge School of Languages es un centro de excelencia dedicado a la","protected":false},"author":2,"featured_media":0,"parent":0,"menu_order":0,"comment_status":"closed","ping_status":"closed","template":"","meta":{"footnotes":""},"class_list":["post-367","page","type-page","status-publish","hentry"],"yoast_head":"<!-- This site is optimized with the Yoast SEO plugin v27.3 - https:\/\/yoast.com\/product\/yoast-seo-wordpress\/ -->\n<title>Somos Cambridge - Cambridge<\/title>\n<meta name=\"robots\" content=\"index, follow, max-snippet:-1, max-image-preview:large, max-video-preview:-1\" \/>\n<link rel=\"canonical\" href=\"https:\/\/cambridgesol.edu.ec\/es\/somos-cambridge\/\" \/>\n<meta property=\"og:locale\" content=\"es_MX\" \/>\n<meta property=\"og:type\" content=\"article\" \/>\n<meta property=\"og:title\" content=\"Somos Cambridge - Cambridge\" \/>\n<meta property=\"og:url\" content=\"https:\/\/cambridgesol.edu.ec\/es\/somos-cambridge\/\" \/>\n<meta property=\"og:site_name\" content=\"Cambridge\" \/>\n<meta property=\"article:publisher\" content=\"https:\/\/www.facebook.com\/cambridgecuador\" \/>\n<meta property=\"article:modified_time\" content=\"2025-05-25T22:51:08+00:00\" \/>\n<meta name=\"twitter:card\" content=\"summary_large_image\" \/>\n<meta name=\"twitter:label1\" content=\"Tiempo de lectura\" \/>\n\t<meta name=\"twitter:data1\" content=\"6 minutos\" \/>\n<script type=\"application\/ld+json\" class=\"yoast-schema-graph\">{\"@context\":\"https:\\\/\\\/schema.org\",\"@graph\":[{\"@type\":\"WebPage\",\"@id\":\"https:\\\/\\\/cambridgesol.edu.ec\\\/somos-cambridge\\\/\",\"url\":\"https:\\\/\\\/cambridgesol.edu.ec\\\/somos-cambridge\\\/\",\"name\":\"Somos Cambridge - Cambridge\",\"isPartOf\":{\"@id\":\"https:\\\/\\\/cambridgesol.edu.ec\\\/#website\"},\"datePublished\":\"2025-04-30T18:58:12+00:00\",\"dateModified\":\"2025-05-25T22:51:08+00:00\",\"breadcrumb\":{\"@id\":\"https:\\\/\\\/cambridgesol.edu.ec\\\/somos-cambridge\\\/#breadcrumb\"},\"inLanguage\":\"es\",\"potentialAction\":[{\"@type\":\"ReadAction\",\"target\":[\"https:\\\/\\\/cambridgesol.edu.ec\\\/somos-cambridge\\\/\"]}]},{\"@type\":\"BreadcrumbList\",\"@id\":\"https:\\\/\\\/cambridgesol.edu.ec\\\/somos-cambridge\\\/#breadcrumb\",\"itemListElement\":[{\"@type\":\"ListItem\",\"position\":1,\"name\":\"Home\",\"item\":\"https:\\\/\\\/cambridgesol.edu.ec\\\/\"},{\"@type\":\"ListItem\",\"position\":2,\"name\":\"Somos Cambridge\"}]},{\"@type\":\"WebSite\",\"@id\":\"https:\\\/\\\/cambridgesol.edu.ec\\\/#website\",\"url\":\"https:\\\/\\\/cambridgesol.edu.ec\\\/\",\"name\":\"Cambridge\",\"description\":\"\",\"publisher\":{\"@id\":\"https:\\\/\\\/cambridgesol.edu.ec\\\/#organization\"},\"potentialAction\":[{\"@type\":\"SearchAction\",\"target\":{\"@type\":\"EntryPoint\",\"urlTemplate\":\"https:\\\/\\\/cambridgesol.edu.ec\\\/?s={search_term_string}\"},\"query-input\":{\"@type\":\"PropertyValueSpecification\",\"valueRequired\":true,\"valueName\":\"search_term_string\"}}],\"inLanguage\":\"es\"},{\"@type\":\"Organization\",\"@id\":\"https:\\\/\\\/cambridgesol.edu.ec\\\/#organization\",\"name\":\"Cambridge\",\"url\":\"https:\\\/\\\/cambridgesol.edu.ec\\\/\",\"logo\":{\"@type\":\"ImageObject\",\"inLanguage\":\"es\",\"@id\":\"https:\\\/\\\/cambridgesol.edu.ec\\\/#\\\/schema\\\/logo\\\/image\\\/\",\"url\":\"https:\\\/\\\/cambridgesol.edu.ec\\\/wp-content\\\/uploads\\\/2025\\\/04\\\/cropped-iso-cambridge.png\",\"contentUrl\":\"https:\\\/\\\/cambridgesol.edu.ec\\\/wp-content\\\/uploads\\\/2025\\\/04\\\/cropped-iso-cambridge.png\",\"width\":512,\"height\":512,\"caption\":\"Cambridge\"},\"image\":{\"@id\":\"https:\\\/\\\/cambridgesol.edu.ec\\\/#\\\/schema\\\/logo\\\/image\\\/\"},\"sameAs\":[\"https:\\\/\\\/www.facebook.com\\\/cambridgecuador\",\"https:\\\/\\\/www.instagram.com\\\/cambridgecuador\\\/\",\"https:\\\/\\\/www.youtube.com\\\/channel\\\/UCZLnzBGOSxtSK7ZPksEcrqQ\\\/featured?view_as=public\",\"https:\\\/\\\/www.tiktok.com\\\/@cambridgecuador\"]}]}<\/script>\n<!-- \/ Yoast SEO plugin. -->","yoast_head_json":{"title":"Somos Cambridge - Cambridge","robots":{"index":"index","follow":"follow","max-snippet":"max-snippet:-1","max-image-preview":"max-image-preview:large","max-video-preview":"max-video-preview:-1"},"canonical":"https:\/\/cambridgesol.edu.ec\/es\/somos-cambridge\/","og_locale":"es_MX","og_type":"article","og_title":"Somos Cambridge - Cambridge","og_url":"https:\/\/cambridgesol.edu.ec\/es\/somos-cambridge\/","og_site_name":"Cambridge","article_publisher":"https:\/\/www.facebook.com\/cambridgecuador","article_modified_time":"2025-05-25T22:51:08+00:00","twitter_card":"summary_large_image","twitter_misc":{"Tiempo de lectura":"6 minutos"},"schema":{"@context":"https:\/\/schema.org","@graph":[{"@type":"WebPage","@id":"https:\/\/cambridgesol.edu.ec\/somos-cambridge\/","url":"https:\/\/cambridgesol.edu.ec\/somos-cambridge\/","name":"Somos Cambridge - Cambridge","isPartOf":{"@id":"https:\/\/cambridgesol.edu.ec\/#website"},"datePublished":"2025-04-30T18:58:12+00:00","dateModified":"2025-05-25T22:51:08+00:00","breadcrumb":{"@id":"https:\/\/cambridgesol.edu.ec\/somos-cambridge\/#breadcrumb"},"inLanguage":"es","potentialAction":[{"@type":"ReadAction","target":["https:\/\/cambridgesol.edu.ec\/somos-cambridge\/"]}]},{"@type":"BreadcrumbList","@id":"https:\/\/cambridgesol.edu.ec\/somos-cambridge\/#breadcrumb","itemListElement":[{"@type":"ListItem","position":1,"name":"Home","item":"https:\/\/cambridgesol.edu.ec\/"},{"@type":"ListItem","position":2,"name":"Somos Cambridge"}]},{"@type":"WebSite","@id":"https:\/\/cambridgesol.edu.ec\/#website","url":"https:\/\/cambridgesol.edu.ec\/","name":"Cambridge","description":"","publisher":{"@id":"https:\/\/cambridgesol.edu.ec\/#organization"},"potentialAction":[{"@type":"SearchAction","target":{"@type":"EntryPoint","urlTemplate":"https:\/\/cambridgesol.edu.ec\/?s={search_term_string}"},"query-input":{"@type":"PropertyValueSpecification","valueRequired":true,"valueName":"search_term_string"}}],"inLanguage":"es"},{"@type":"Organization","@id":"https:\/\/cambridgesol.edu.ec\/#organization","name":"Cambridge","url":"https:\/\/cambridgesol.edu.ec\/","logo":{"@type":"ImageObject","inLanguage":"es","@id":"https:\/\/cambridgesol.edu.ec\/#\/schema\/logo\/image\/","url":"https:\/\/cambridgesol.edu.ec\/wp-content\/uploads\/2025\/04\/cropped-iso-cambridge.png","contentUrl":"https:\/\/cambridgesol.edu.ec\/wp-content\/uploads\/2025\/04\/cropped-iso-cambridge.png","width":512,"height":512,"caption":"Cambridge"},"image":{"@id":"https:\/\/cambridgesol.edu.ec\/#\/schema\/logo\/image\/"},"sameAs":["https:\/\/www.facebook.com\/cambridgecuador","https:\/\/www.instagram.com\/cambridgecuador\/","https:\/\/www.youtube.com\/channel\/UCZLnzBGOSxtSK7ZPksEcrqQ\/featured?view_as=public","https:\/\/www.tiktok.com\/@cambridgecuador"]}]}},"_links":{"self":[{"href":"https:\/\/cambridgesol.edu.ec\/es\/wp-json\/wp\/v2\/pages\/367","targetHints":{"allow":["GET"]}}],"collection":[{"href":"https:\/\/cambridgesol.edu.ec\/es\/wp-json\/wp\/v2\/pages"}],"about":[{"href":"https:\/\/cambridgesol.edu.ec\/es\/wp-json\/wp\/v2\/types\/page"}],"author":[{"embeddable":true,"href":"https:\/\/cambridgesol.edu.ec\/es\/wp-json\/wp\/v2\/users\/2"}],"replies":[{"embeddable":true,"href":"https:\/\/cambridgesol.edu.ec\/es\/wp-json\/wp\/v2\/comments?post=367"}],"version-history":[{"count":13,"href":"https:\/\/cambridgesol.edu.ec\/es\/wp-json\/wp\/v2\/pages\/367\/revisions"}],"predecessor-version":[{"id":938,"href":"https:\/\/cambridgesol.edu.ec\/es\/wp-json\/wp\/v2\/pages\/367\/revisions\/938"}],"wp:attachment":[{"href":"https:\/\/cambridgesol.edu.ec\/es\/wp-json\/wp\/v2\/media?parent=367"}],"curies":[{"name":"wp","href":"https:\/\/api.w.org\/{rel}","templated":true}]}}