{"id":206,"date":"2025-04-27T00:10:40","date_gmt":"2025-04-27T00:10:40","guid":{"rendered":"https:\/\/cambridgesol.edu.ec\/?page_id=206"},"modified":"2025-11-06T18:12:49","modified_gmt":"2025-11-06T18:12:49","slug":"trabaja-con-nosotros","status":"publish","type":"page","link":"https:\/\/cambridgesol.edu.ec\/es\/trabaja-con-nosotros\/","title":{"rendered":"Trabaja con nosotros"},"content":{"rendered":"<div class=\"wpb-content-wrapper\"><div id=\"cv\" class=\"vc_row wpb_row vc_row-fluid vc_custom_1757101288469 vc_row-o-full-height vc_row-o-columns-middle vc_row-o-equal-height vc_row-o-content-middle vc_row-flex wd-rs-68bb3cdb023cd wd-section-stretch-content\"><div class=\"wpb_column vc_column_container vc_col-sm-6 wd-rs-680eda85da519\"><div class=\"vc_column-inner vc_custom_1745803915512\"><div class=\"wpb_wrapper\">\t\t<div id=\"wd-68339f9c5c75b\" class=\"wd-text-block wd-wpb reset-last-child wd-rs-68339f9c5c75b text-left\">\n\t\t\t<h2><strong>Trabaja con nosotros<\/strong><\/h2>\n<p align=\"justify\">En Cambridge School of Languages creemos que la educaci\u00f3n cambia el mundo, y que los idiomas abren puertas al desarrollo profesional, acad\u00e9mico y cultural. Por eso, buscamos personas apasionadas por la ense\u00f1anza, comprometidas con la excelencia y con ganas de crecer en un entorno din\u00e1mico, colaborativo e internacional.<\/p>\n\t\t<\/div>\n\t\t<div id=\"wd-68bb3d712981c\" class=\"wd-rs-68bb3d712981c   wd-rs-68bb3d712981c wd-button-wrapper text-left\"><a href=\"#tthh2025\" title=\"\" class=\"btn btn-color-alt btn-style-default btn-shape-round btn-size-default wd-open-popup\">APLICA AHORA<\/a><\/div><div id=\"tthh2025\" class=\"wd-popup wd-popup-element mfp-hide\" style=\"--wd-popup-width:800px;\">\n\t<div class=\"wpb_raw_code wpb_raw_html wpb_content_element\" >\n\t\t<div class=\"wpb_wrapper\">\n\t\t\t<div class=\"forminator-ui forminator-custom-form forminator-custom-form-1185 forminator-design--default  forminator_ajax\" data-forminator-render=\"0\" data-form=\"forminator-module-1185\" data-uid=\"69d441486ba7c\"><br\/><\/div><form\n\t\t\t\tid=\"forminator-module-1185\"\n\t\t\t\tclass=\"forminator-ui forminator-custom-form forminator-custom-form-1185 forminator-design--default  forminator_ajax\"\n\t\t\t\tmethod=\"post\"\n\t\t\t\tdata-forminator-render=\"0\"\n\t\t\t\tdata-form-id=\"1185\"\n\t\t\t\tenctype=\"multipart\/form-data\" data-color-option=\"theme\" data-design=\"default\" data-grid=\"open\" style=\"display: none;\"\n\t\t\t\tdata-uid=\"69d441486ba7c\" action=\"\"\n\t\t\t><div role=\"alert\" aria-live=\"polite\" class=\"forminator-response-message forminator-error\" aria-hidden=\"true\"><\/div><div class=\"forminator-row\"><div id=\"name-1\" class=\"forminator-field-name forminator-col forminator-col-12\"><div class=\"forminator-row forminator-no-margin\" data-multiple=\"true\"><div class=\"forminator-col forminator-col-md-6\"><div class=\"forminator-field\"><label for=\"forminator-field-first-name-1_69d441486ba7c\" id=\"forminator-field-first-name-1_69d441486ba7c-label\" class=\"forminator-label\">Nombre <span class=\"forminator-required\">*<\/span><\/label><input type=\"text\" name=\"name-1-first-name\" placeholder=\"\" id=\"forminator-field-first-name-1_69d441486ba7c\" class=\"forminator-input\" aria-required=\"true\" data-multi=\"1\" autocomplete=\"given-name\" value=\"\" \/><\/div><\/div><div class=\"forminator-col forminator-col-md-6\"><div class=\"forminator-field\"><label for=\"forminator-field-last-name-1_69d441486ba7c\" id=\"forminator-field-last-name-1_69d441486ba7c-label\" class=\"forminator-label\">Apellidos <span class=\"forminator-required\">*<\/span><\/label><input type=\"text\" name=\"name-1-last-name\" placeholder=\"\" id=\"forminator-field-last-name-1_69d441486ba7c\" class=\"forminator-input\" aria-required=\"true\" data-multi=\"1\" autocomplete=\"family-name\" value=\"\" \/><\/div><\/div><\/div><\/div><\/div><div class=\"forminator-row\"><div id=\"phone-1\" class=\"forminator-field-phone forminator-col forminator-col-6\"><div class=\"forminator-field\"><label for=\"forminator-field-phone-1_69d441486ba7c\" id=\"forminator-field-phone-1_69d441486ba7c-label\" class=\"forminator-label\">Tel\u00e9fono <span class=\"forminator-required\">*<\/span><\/label><input type=\"text\" name=\"phone-1\" value=\"\" placeholder=\"\" id=\"forminator-field-phone-1_69d441486ba7c\" class=\"forminator-input forminator-field--phone\" data-required=\"1\" aria-required=\"true\" autocomplete=\"off\" data-national_mode=\"disabled\" data-country=\"ec\" data-validation=\"international\" \/><\/div><\/div><div id=\"email-1\" class=\"forminator-field-email forminator-col forminator-col-6\"><div class=\"forminator-field\"><label for=\"forminator-field-email-1_69d441486ba7c\" id=\"forminator-field-email-1_69d441486ba7c-label\" class=\"forminator-label\">Correo electr\u00f3nico <span class=\"forminator-required\">*<\/span><\/label><input type=\"email\" name=\"email-1\" value=\"\" placeholder=\"\" id=\"forminator-field-email-1_69d441486ba7c\" class=\"forminator-input forminator-email--field\" data-required=\"1\" aria-required=\"true\" autocomplete=\"email\" \/><\/div><\/div><\/div><div class=\"forminator-row\"><div id=\"select-1\" class=\"forminator-field-select forminator-col forminator-col-12\"><div class=\"forminator-field\"><label for=\"forminator-form-1185__field--select-1_69d441486ba7c\" id=\"forminator-form-1185__field--select-1_69d441486ba7c-label\" class=\"forminator-label\">\u00bfCargo al que aplica? <span class=\"forminator-required\">*<\/span><\/label><select  id=\"forminator-form-1185__field--select-1_69d441486ba7c\" class=\"forminator-select--field forminator-select2 forminator-select2-multiple\" data-required=\"1\" name=\"select-1\" data-default-value=\"Profesor\" data-hidden-behavior=\"zero\" data-placeholder=\"\u00bfCargo al que aplica?\" data-search=\"false\" data-search-placeholder=\"\u00bfCargo al que aplica?\" data-checkbox=\"false\" data-allow-clear=\"false\" aria-labelledby=\"forminator-form-1185__field--select-1_69d441486ba7c-label\"><option value=\"\"  >\u00bfCargo al que aplica?<\/option><option value=\"Profesor\" selected=\"selected\" data-calculation=\"0\">Profesor<\/option><option value=\"one\"  data-calculation=\"0\">Asesor Comercial<\/option><\/select><\/div><\/div><\/div><div class=\"forminator-row\"><div id=\"select-2\" class=\"forminator-field-select forminator-col forminator-col-12\"><div class=\"forminator-field\"><label for=\"forminator-form-1185__field--select-2_69d441486ba7c\" id=\"forminator-form-1185__field--select-2_69d441486ba7c-label\" class=\"forminator-label\">Desired pay rate (p\/hour)<\/label><select  id=\"forminator-form-1185__field--select-2_69d441486ba7c\" class=\"forminator-select--field forminator-select2 forminator-select2-multiple\" data-required=\"\" name=\"select-2\" data-default-value=\"$5.50\" data-hidden-behavior=\"zero\" data-placeholder=\"\" data-search=\"false\" data-search-placeholder=\"\" data-checkbox=\"false\" data-allow-clear=\"false\" aria-labelledby=\"forminator-form-1185__field--select-2_69d441486ba7c-label\"><option value=\"$5.50\" selected=\"selected\" data-calculation=\"0\">$5.50<\/option><option value=\"$6\"  data-calculation=\"0\">$6<\/option><option value=\"$6.50\"  data-calculation=\"0\">$6.50<\/option><option value=\"$7\"  data-calculation=\"0\">$7<\/option><option value=\"$7.50\"  data-calculation=\"0\">$7.50<\/option><option value=\"$8\"  data-calculation=\"0\">$8<\/option><option value=\"$8.50\"  data-calculation=\"0\">$8.50<\/option><option value=\"$9\"  data-calculation=\"0\">$9<\/option><option value=\"$9.50\"  data-calculation=\"0\">$9.50<\/option><option value=\"$10\"  data-calculation=\"0\">$10<\/option><\/select><\/div><\/div><\/div><div class=\"forminator-row\"><div id=\"number-1\" class=\"forminator-field-number forminator-col forminator-col-12\"><div class=\"forminator-field\"><label for=\"forminator-field-number-1_69d441486ba7c\" id=\"forminator-field-number-1_69d441486ba7c-label\" class=\"forminator-label\">Aspiraci\u00f3n Salarial<\/label><input name=\"number-1\" value=\"\" placeholder=\"\" id=\"forminator-field-number-1_69d441486ba7c\" class=\"forminator-input forminator-number--field\" inputmode=\"decimal\" data-required=\"\" data-decimals=\"0\" aria-required=\"false\" data-inputmask=\"&#039;groupSeparator&#039;: &#039;,&#039;, &#039;radixPoint&#039;: &#039;&#039;, &#039;digits&#039;: &#039;0&#039;\" data-hidden-behavior=\"zero\" \/><\/div><\/div><\/div><div class=\"forminator-row\"><div id=\"select-3\" class=\"forminator-field-select forminator-col forminator-col-12\"><div class=\"forminator-field\"><label for=\"forminator-form-1185__field--select-3_69d441486ba7c\" id=\"forminator-form-1185__field--select-3_69d441486ba7c-label\" class=\"forminator-label\">Escoja la modalidad en la que desea trabajar<\/label><select  id=\"forminator-form-1185__field--select-3_69d441486ba7c\" class=\"forminator-select--field forminator-select2 forminator-select2-multiple\" data-required=\"\" name=\"select-3\" data-default-value=\"\" data-hidden-behavior=\"zero\" data-placeholder=\"\" data-search=\"false\" data-search-placeholder=\"\" data-checkbox=\"false\" data-allow-clear=\"false\" aria-labelledby=\"forminator-form-1185__field--select-3_69d441486ba7c-label\"><option value=\"one\"  data-calculation=\"0\">Presencial<\/option><option value=\"two\"  data-calculation=\"0\">Virtual<\/option><\/select><\/div><\/div><\/div><div class=\"forminator-row\"><div id=\"select-4\" class=\"forminator-field-select forminator-col forminator-col-12\"><div class=\"forminator-field\"><label for=\"forminator-form-1185__field--select-4_69d441486ba7c\" id=\"forminator-form-1185__field--select-4_69d441486ba7c-label\" class=\"forminator-label\">\u00bfEn qu\u00e9 sede desea trabajar?<\/label><select  id=\"forminator-form-1185__field--select-4_69d441486ba7c\" class=\"forminator-select--field forminator-select2 forminator-select2-multiple\" data-required=\"\" name=\"select-4\" data-default-value=\"\" data-hidden-behavior=\"zero\" data-placeholder=\"\" data-search=\"false\" data-search-placeholder=\"\" data-checkbox=\"false\" data-allow-clear=\"false\" aria-labelledby=\"forminator-form-1185__field--select-4_69d441486ba7c-label\"><option value=\"one\"  data-calculation=\"0\">Cuenca<\/option><option value=\"two\"  data-calculation=\"0\">Quito<\/option><option value=\"Valle-de-Los-Chillos\"  data-calculation=\"0\">Valle de Los Chillos<\/option><option value=\"Ambato\"  data-calculation=\"0\">Ambato<\/option><\/select><\/div><\/div><\/div><div class=\"forminator-row\"><div id=\"upload-1\" class=\"forminator-field-upload forminator-col forminator-col-12\"><div class=\"forminator-field\"><label for=\"forminator-field-upload-1_69d441486ba7c\" id=\"forminator-field-upload-1_69d441486ba7c-label\" class=\"forminator-label\">Carga tu CV <span class=\"forminator-required\">*<\/span><\/label><span id=\"forminator-field-upload-1_69d441486ba7c-description\" class=\"forminator-description\">Formato PDF<\/span><div class=\"forminator-multi-upload\" data-element=\"upload-1_69d441486ba7c\" aria-describedby=\"forminator-field-upload-1_69d441486ba7c-description\"><input type=\"file\" name=\"upload-1[]\" id=\"forminator-field-upload-1_69d441486ba7c\" class=\"forminator-input-file-required do-validate forminator-field-upload-1_69d441486ba7c-1185\" multiple=\"multiple\" data-method=\"ajax\" accept=\".avif,.heif,.heics,.heifs,.svgz,.woff,.woff2,.ttf,.eot,.pdf\" data-size=\"8000000\" data-size-message=\"Maximum file size allowed is 8 MB. \" data-filetype=\"avif|heif|heics|heifs|svgz|woff|woff2|ttf|eot|pdf\" data-filetype-message=\"file extension is not allowed.\"><div class=\"forminator-multi-upload-message\" aria-hidden=\"true\"><span class=\"forminator-icon-upload\" aria-hidden=\"true\"><\/span><p>Drag and Drop (or) <a class=\"forminator-upload-file--forminator-field-upload-1_69d441486ba7c\" href=\"#\" onclick=\"return false;\">Choose Files<\/a><\/p><\/div><\/div><ul class=\"forminator-uploaded-files upload-container-upload-1_69d441486ba7c\"><\/ul><\/div><\/div><\/div><div class=\"forminator-row\"><div id=\"consent-1\" class=\"forminator-field-consent forminator-col forminator-col-12\"><div class=\"forminator-field\"><label for=\"forminator-field-consent-1_69d441486ba7c\" id=\"forminator-field-consent-1_69d441486ba7c-label\" class=\"forminator-label\">Consent <span class=\"forminator-required\">*<\/span><\/label><div class=\"forminator-checkbox__wrapper\"><label id=\"forminator-field-consent-1_69d441486ba7c__label\" class=\"forminator-checkbox forminator-consent\"><input type=\"checkbox\" name=\"consent-1\" id=\"forminator-field-consent-1_69d441486ba7c\" value=\"checked\" aria-labelledby=\"forminator-field-consent-1_69d441486ba7c-label\" aria-describedby=\"forminator-field-consent-1_69d441486ba7c__description\" data-required=\"true\" aria-required=\"true\" \/><span class=\"forminator-checkbox-box\" aria-hidden=\"true\"><\/span><\/label><div id=\"forminator-field-consent-1_69d441486ba7c__description\" class=\"forminator-checkbox__label forminator-consent__label\"><p>S\u00ed, acepto sus <strong><a href=\"https:\/\/cambridgesol.edu.ec\/es\/politicas-y-privacidad\/\">pol\u00edticas de tratamiento de datos<\/a><\/strong>.<\/p><\/div><\/div><\/div><\/div><\/div><input type=\"hidden\" name=\"referer_url\" value=\"\" \/><div class=\"forminator-row forminator-row-last\"><div class=\"forminator-col\"><div class=\"forminator-field\"><button class=\"forminator-button forminator-button-submit\">Aplicar<\/button><\/div><\/div><\/div><input type=\"hidden\" id=\"forminator_nonce\" name=\"forminator_nonce\" value=\"1be5edd823\" \/><input type=\"hidden\" name=\"_wp_http_referer\" value=\"\/es\/wp-json\/wp\/v2\/pages\/206\" \/><input type=\"hidden\" name=\"form_id\" value=\"1185\"><input type=\"hidden\" name=\"page_id\" value=\"206\"><input type=\"hidden\" name=\"form_type\" value=\"default\"><input type=\"hidden\" name=\"current_url\" value=\"https:\/\/cambridgesol.edu.ec\/es\/trabaja-con-nosotros\/\"><input type=\"hidden\" name=\"render_id\" value=\"0\"><input type=\"hidden\" name=\"forminator-multifile-hidden\" class=\"forminator-multifile-hidden\"><input type=\"hidden\" name=\"action\" value=\"forminator_submit_form_custom-forms\"><input type=\"hidden\" name=\"trp-form-language\" value=\"es\"\/><\/form>\n\t\t<\/div>\n\t<\/div>\n<\/div><\/div><\/div><\/div><div class=\"wpb_column vc_column_container vc_col-sm-6 vc_col-has-fill wd-rs-680ed9ddb7488\"><div class=\"vc_column-inner vc_custom_1745803858756\"><div class=\"wpb_wrapper\"><div class=\"vc_empty_space\"   style=\"height: 400px\"><span class=\"vc_empty_space_inner\"><\/span><\/div><\/div><\/div><\/div><\/div>\n<\/div>","protected":false},"excerpt":{"rendered":"Trabaja con nosotros En Cambridge School of Languages creemos que la educaci\u00f3n cambia el mundo, y que los idiomas abren","protected":false},"author":2,"featured_media":0,"parent":0,"menu_order":0,"comment_status":"closed","ping_status":"closed","template":"","meta":{"footnotes":""},"class_list":["post-206","page","type-page","status-publish","hentry"],"yoast_head":"<!-- This site is optimized with the Yoast SEO plugin v27.3 - https:\/\/yoast.com\/product\/yoast-seo-wordpress\/ -->\n<title>Trabaja con nosotros - Cambridge<\/title>\n<meta name=\"robots\" content=\"index, follow, max-snippet:-1, max-image-preview:large, max-video-preview:-1\" \/>\n<link rel=\"canonical\" href=\"https:\/\/cambridgesol.edu.ec\/es\/trabaja-con-nosotros\/\" \/>\n<meta property=\"og:locale\" content=\"es_MX\" \/>\n<meta property=\"og:type\" content=\"article\" \/>\n<meta property=\"og:title\" content=\"Trabaja con nosotros - Cambridge\" \/>\n<meta property=\"og:url\" content=\"https:\/\/cambridgesol.edu.ec\/es\/trabaja-con-nosotros\/\" \/>\n<meta property=\"og:site_name\" content=\"Cambridge\" \/>\n<meta property=\"article:publisher\" content=\"https:\/\/www.facebook.com\/cambridgecuador\" \/>\n<meta property=\"article:modified_time\" content=\"2025-11-06T18:12:49+00:00\" \/>\n<meta name=\"twitter:card\" content=\"summary_large_image\" \/>\n<meta name=\"twitter:label1\" content=\"Tiempo de lectura\" \/>\n\t<meta name=\"twitter:data1\" content=\"1 minuto\" \/>\n<script type=\"application\/ld+json\" class=\"yoast-schema-graph\">{\"@context\":\"https:\\\/\\\/schema.org\",\"@graph\":[{\"@type\":\"WebPage\",\"@id\":\"https:\\\/\\\/cambridgesol.edu.ec\\\/trabaja-con-nosotros\\\/\",\"url\":\"https:\\\/\\\/cambridgesol.edu.ec\\\/trabaja-con-nosotros\\\/\",\"name\":\"Trabaja con nosotros - Cambridge\",\"isPartOf\":{\"@id\":\"https:\\\/\\\/cambridgesol.edu.ec\\\/#website\"},\"datePublished\":\"2025-04-27T00:10:40+00:00\",\"dateModified\":\"2025-11-06T18:12:49+00:00\",\"breadcrumb\":{\"@id\":\"https:\\\/\\\/cambridgesol.edu.ec\\\/trabaja-con-nosotros\\\/#breadcrumb\"},\"inLanguage\":\"es\",\"potentialAction\":[{\"@type\":\"ReadAction\",\"target\":[\"https:\\\/\\\/cambridgesol.edu.ec\\\/trabaja-con-nosotros\\\/\"]}]},{\"@type\":\"BreadcrumbList\",\"@id\":\"https:\\\/\\\/cambridgesol.edu.ec\\\/trabaja-con-nosotros\\\/#breadcrumb\",\"itemListElement\":[{\"@type\":\"ListItem\",\"position\":1,\"name\":\"Home\",\"item\":\"https:\\\/\\\/cambridgesol.edu.ec\\\/\"},{\"@type\":\"ListItem\",\"position\":2,\"name\":\"Trabaja con nosotros\"}]},{\"@type\":\"WebSite\",\"@id\":\"https:\\\/\\\/cambridgesol.edu.ec\\\/#website\",\"url\":\"https:\\\/\\\/cambridgesol.edu.ec\\\/\",\"name\":\"Cambridge\",\"description\":\"\",\"publisher\":{\"@id\":\"https:\\\/\\\/cambridgesol.edu.ec\\\/#organization\"},\"potentialAction\":[{\"@type\":\"SearchAction\",\"target\":{\"@type\":\"EntryPoint\",\"urlTemplate\":\"https:\\\/\\\/cambridgesol.edu.ec\\\/?s={search_term_string}\"},\"query-input\":{\"@type\":\"PropertyValueSpecification\",\"valueRequired\":true,\"valueName\":\"search_term_string\"}}],\"inLanguage\":\"es\"},{\"@type\":\"Organization\",\"@id\":\"https:\\\/\\\/cambridgesol.edu.ec\\\/#organization\",\"name\":\"Cambridge\",\"url\":\"https:\\\/\\\/cambridgesol.edu.ec\\\/\",\"logo\":{\"@type\":\"ImageObject\",\"inLanguage\":\"es\",\"@id\":\"https:\\\/\\\/cambridgesol.edu.ec\\\/#\\\/schema\\\/logo\\\/image\\\/\",\"url\":\"https:\\\/\\\/cambridgesol.edu.ec\\\/wp-content\\\/uploads\\\/2025\\\/04\\\/cropped-iso-cambridge.png\",\"contentUrl\":\"https:\\\/\\\/cambridgesol.edu.ec\\\/wp-content\\\/uploads\\\/2025\\\/04\\\/cropped-iso-cambridge.png\",\"width\":512,\"height\":512,\"caption\":\"Cambridge\"},\"image\":{\"@id\":\"https:\\\/\\\/cambridgesol.edu.ec\\\/#\\\/schema\\\/logo\\\/image\\\/\"},\"sameAs\":[\"https:\\\/\\\/www.facebook.com\\\/cambridgecuador\",\"https:\\\/\\\/www.instagram.com\\\/cambridgecuador\\\/\",\"https:\\\/\\\/www.youtube.com\\\/channel\\\/UCZLnzBGOSxtSK7ZPksEcrqQ\\\/featured?view_as=public\",\"https:\\\/\\\/www.tiktok.com\\\/@cambridgecuador\"]}]}<\/script>\n<!-- \/ Yoast SEO plugin. -->","yoast_head_json":{"title":"Trabaja con nosotros - Cambridge","robots":{"index":"index","follow":"follow","max-snippet":"max-snippet:-1","max-image-preview":"max-image-preview:large","max-video-preview":"max-video-preview:-1"},"canonical":"https:\/\/cambridgesol.edu.ec\/es\/trabaja-con-nosotros\/","og_locale":"es_MX","og_type":"article","og_title":"Trabaja con nosotros - Cambridge","og_url":"https:\/\/cambridgesol.edu.ec\/es\/trabaja-con-nosotros\/","og_site_name":"Cambridge","article_publisher":"https:\/\/www.facebook.com\/cambridgecuador","article_modified_time":"2025-11-06T18:12:49+00:00","twitter_card":"summary_large_image","twitter_misc":{"Tiempo de lectura":"1 minuto"},"schema":{"@context":"https:\/\/schema.org","@graph":[{"@type":"WebPage","@id":"https:\/\/cambridgesol.edu.ec\/trabaja-con-nosotros\/","url":"https:\/\/cambridgesol.edu.ec\/trabaja-con-nosotros\/","name":"Trabaja con nosotros - Cambridge","isPartOf":{"@id":"https:\/\/cambridgesol.edu.ec\/#website"},"datePublished":"2025-04-27T00:10:40+00:00","dateModified":"2025-11-06T18:12:49+00:00","breadcrumb":{"@id":"https:\/\/cambridgesol.edu.ec\/trabaja-con-nosotros\/#breadcrumb"},"inLanguage":"es","potentialAction":[{"@type":"ReadAction","target":["https:\/\/cambridgesol.edu.ec\/trabaja-con-nosotros\/"]}]},{"@type":"BreadcrumbList","@id":"https:\/\/cambridgesol.edu.ec\/trabaja-con-nosotros\/#breadcrumb","itemListElement":[{"@type":"ListItem","position":1,"name":"Home","item":"https:\/\/cambridgesol.edu.ec\/"},{"@type":"ListItem","position":2,"name":"Trabaja con nosotros"}]},{"@type":"WebSite","@id":"https:\/\/cambridgesol.edu.ec\/#website","url":"https:\/\/cambridgesol.edu.ec\/","name":"Cambridge","description":"","publisher":{"@id":"https:\/\/cambridgesol.edu.ec\/#organization"},"potentialAction":[{"@type":"SearchAction","target":{"@type":"EntryPoint","urlTemplate":"https:\/\/cambridgesol.edu.ec\/?s={search_term_string}"},"query-input":{"@type":"PropertyValueSpecification","valueRequired":true,"valueName":"search_term_string"}}],"inLanguage":"es"},{"@type":"Organization","@id":"https:\/\/cambridgesol.edu.ec\/#organization","name":"Cambridge","url":"https:\/\/cambridgesol.edu.ec\/","logo":{"@type":"ImageObject","inLanguage":"es","@id":"https:\/\/cambridgesol.edu.ec\/#\/schema\/logo\/image\/","url":"https:\/\/cambridgesol.edu.ec\/wp-content\/uploads\/2025\/04\/cropped-iso-cambridge.png","contentUrl":"https:\/\/cambridgesol.edu.ec\/wp-content\/uploads\/2025\/04\/cropped-iso-cambridge.png","width":512,"height":512,"caption":"Cambridge"},"image":{"@id":"https:\/\/cambridgesol.edu.ec\/#\/schema\/logo\/image\/"},"sameAs":["https:\/\/www.facebook.com\/cambridgecuador","https:\/\/www.instagram.com\/cambridgecuador\/","https:\/\/www.youtube.com\/channel\/UCZLnzBGOSxtSK7ZPksEcrqQ\/featured?view_as=public","https:\/\/www.tiktok.com\/@cambridgecuador"]}]}},"_links":{"self":[{"href":"https:\/\/cambridgesol.edu.ec\/es\/wp-json\/wp\/v2\/pages\/206","targetHints":{"allow":["GET"]}}],"collection":[{"href":"https:\/\/cambridgesol.edu.ec\/es\/wp-json\/wp\/v2\/pages"}],"about":[{"href":"https:\/\/cambridgesol.edu.ec\/es\/wp-json\/wp\/v2\/types\/page"}],"author":[{"embeddable":true,"href":"https:\/\/cambridgesol.edu.ec\/es\/wp-json\/wp\/v2\/users\/2"}],"replies":[{"embeddable":true,"href":"https:\/\/cambridgesol.edu.ec\/es\/wp-json\/wp\/v2\/comments?post=206"}],"version-history":[{"count":17,"href":"https:\/\/cambridgesol.edu.ec\/es\/wp-json\/wp\/v2\/pages\/206\/revisions"}],"predecessor-version":[{"id":1292,"href":"https:\/\/cambridgesol.edu.ec\/es\/wp-json\/wp\/v2\/pages\/206\/revisions\/1292"}],"wp:attachment":[{"href":"https:\/\/cambridgesol.edu.ec\/es\/wp-json\/wp\/v2\/media?parent=206"}],"curies":[{"name":"wp","href":"https:\/\/api.w.org\/{rel}","templated":true}]}}